{"id":3147,"date":"2023-05-03T16:53:29","date_gmt":"2023-05-03T16:53:29","guid":{"rendered":"https:\/\/lddtraining.com\/politica-de-privacidad\/"},"modified":"2024-05-29T18:30:22","modified_gmt":"2024-05-29T18:30:22","slug":"politica-de-privacidad","status":"publish","type":"page","link":"https:\/\/lddtraining.com\/es\/politica-de-privacidad\/","title":{"rendered":"Pol\u00edtica de privacidad"},"content":{"rendered":"\t\t<div data-elementor-type=\"wp-page\" data-elementor-id=\"3147\" class=\"elementor elementor-3147 elementor-3\" data-elementor-post-type=\"page\">\n\t\t\t\t\t\t<section class=\"elementor-section elementor-top-section elementor-element elementor-element-4c9ed170 elementor-section-full_width elementor-section-height-default elementor-section-height-default\" data-id=\"4c9ed170\" data-element_type=\"section\" data-e-type=\"section\">\n\t\t\t\t\t\t<div class=\"elementor-container elementor-column-gap-default\">\n\t\t\t\t\t<div class=\"elementor-column elementor-col-100 elementor-top-column elementor-element elementor-element-4d742206\" data-id=\"4d742206\" data-element_type=\"column\" data-e-type=\"column\">\n\t\t\t<div class=\"elementor-widget-wrap elementor-element-populated\">\n\t\t\t\t\t\t<div class=\"elementor-element elementor-element-135ae1a elementor-widget elementor-widget-text-editor\" data-id=\"135ae1a\" data-element_type=\"widget\" data-e-type=\"widget\" data-widget_type=\"text-editor.default\">\n\t\t\t\t<div class=\"elementor-widget-container\">\n\t\t\t\t\t\t\t\t\tDesarrollo del liderazgo y discipulado, Cleveland, TN 37320-2910, Cleveland TN PO Box 2910, United States of America (the), email: lddcogop@gmail.com, phone: 423-559-5100\n\nSobre la recopilaci\u00f3n, uso y divulgaci\u00f3n de la informaci\u00f3n que recopilamos cuando utiliza nuestro sitio web ( https:\/\/lddtraining.com ). (el \u00abServicio\u00bb). Al acceder o utilizar el Servicio, \u00a0usted consiente la recopilaci\u00f3n, el uso y la divulgaci\u00f3n de su informaci\u00f3n de acuerdo con esta Pol\u00edtica de privacidad. Si no consiente en lo mismo no acceda ni utilice el Servicio.\n\nPodemos modificar esta Pol\u00edtica de Privacidad en cualquier momento sin previo aviso y publicaremos la Pol\u00edtica de Privacidad revisada en el Servicio. revisada en el Servicio. La Pol\u00edtica revisada entrar\u00e1 en vigor 180 d\u00edas despu\u00e9s de su Pol\u00edtica revisada se publique en el Servicio y su acceso o uso continuado del Servicio despu\u00e9s de dicho plazo\u00a0 constituir\u00e1 su aceptaci\u00f3n de la Pol\u00edtica de Privacidad revisada.\nrevisada. Por lo tanto, le recomendamos que peri\u00f3dicamente esta p\u00e1gina.\n<h2><strong>Informaci\u00f3n que recopilamos:<\/strong><\/h2>\n<ol class=\"privacy-policy-ol\">\n \t<li>\n<p class=\"privacy-policy-p\">Recopilaremos y trataremos los siguientes datos\ninformaci\u00f3n personal sobre usted:<\/p>\nNombre\nCorreo electr\u00f3nico\nM\u00f3vil\nFecha de nacimiento\nDirecci\u00f3n\nDirecci\u00f3n de la iglesia\nCiudad de la iglesia\nEstado de la iglesia\nNombre de la iglesia\nNombre del Obispo \/ Pastor\nApellido del Obispo \/ Pastor\nEmail del Obispo \/ Pastor<\/li>\n \t<li>\n<h2 class=\"privacy-policy-h2\">C\u00f3mo utilizamos su informaci\u00f3n:<\/h2>\n<p class=\"privacy-policy-p\">Utilizaremos la informaci\u00f3n que recopilemos\nsobre usted para los siguientes fines:<\/p>\n\n<ol class=\"privacy-policy-ol\">\n \t<li>Crear una cuenta de usuario<\/li>\n \t<li>Informaci\u00f3n de administraci\u00f3n<\/li>\n \t<li>Gestionar cuenta de usuario<\/li>\n<\/ol>\n<p class=\"privacy-policy-p\">Si deseamos utilizar sus datos para cualquier otro fin para cualquier otro fin, le pediremos su consentimiento y utilizaremos su informaci\u00f3n s\u00f3lo si recibimos su consentimiento y, entonces, s\u00f3lo para el fin o fines para que otorgue su consentimiento, a\u00a0 menos que estemos obligados a hacerotra cosa por ley.<\/p>\n<\/li>\n \t<li>\n<h2 class=\"privacy-policy-h2\">Sus derechos:<\/h2>\nEn funci\u00f3n de la legislaci\u00f3n aplicable, usted puede tener derecho de acceso, rectificaci\u00f3n o supresi\u00f3n de sus o recibir una copia de sus datos personales personales, limitar el tratamiento activo de sus tratamiento activo de sus datos, pedirnos que compartamos (portemos) sus datos personales a otra entidad, retirar cualquier consentimiento que nos haya dado para tratamiento de sus\u00a0 datos, derecho a presentar una reclamaci\u00f3n ante una autoridad legal y otros derechos que puedan corresponderle en virtud de la legislaci\u00f3n aplicable. Para ejercer estos derechos, puede escribirnos a ldd@cogop.org.\nResponderemos a su solicitud de conformidad con la legislaci\u00f3n aplicable.\n\nTenga en cuenta que si no nos permite recoger o procesar la informaci\u00f3n personal requerida o retirar el consentimiento para el tratamiento de los mismos para los fines requeridos, es posible que no pueda acceder o utilizar los servicios para los que se\nse solicit\u00f3.<\/li>\n \t<li>\n<h2 class=\"privacy-policy-h2\">Cookies Etc.<\/h2>\nPara saber m\u00e1s sobre c\u00f3mo las utilizamos y sus opciones en relaci\u00f3n con estas tecnolog\u00edas de rastreo, consulte nuestra\n<a href=\"https:\/\/lddtraining.com\/es\/cookie-policy\/\">Pol\u00edtica de Cookie.<\/a><\/li>\n \t<li>\n<h2 class=\"privacy-policy-h2\">Seguridad:<\/h2>\n<p class=\"privacy-policy-p\">La seguridad de su informaci\u00f3n es importante para y utilizaremos medidas de seguridad razonables para evitar la p\u00e9rdida, el uso indebido o la o alteraci\u00f3n no autorizada de la informaci\u00f3n bajo nuestro control. Sin embargo, dados los riesgos inherentes, no podemos no podemos garantizar una seguridad absoluta y seguridad absoluta y, en consecuencia, no podemos\nseguridad de cualquier informaci\u00f3n que nos transmita y usted lo hace bajo su propia responsabilidad.<\/p>\n<\/li>\n \t<li>\n<h2 class=\"privacy-policy-h2\">Responsable de reclamaciones y protecci\u00f3n de datos:<\/h2>\n<p class=\"privacy-policy-p\">Si tiene alguna pregunta o duda sobre el tratamiento de la informaci\u00f3n de que dispone con nosotros, puede enviar un correo electr\u00f3nico a nuestro Responsable de Quejas a Desarrollo de Liderazgo y Discipulado, Cleveland, TN 37320-2910, email: ldd@cogop.org.<\/p>\nAbordaremos sus preocupaciones de conformidad con la legislaci\u00f3n aplicable.<\/li>\n<\/ol>\t\t\t\t\t\t\t\t<\/div>\n\t\t\t\t<\/div>\n\t\t\t\t\t<\/div>\n\t\t<\/div>\n\t\t\t\t\t<\/div>\n\t\t<\/section>\n\t\t\t\t<\/div>\n\t\t","protected":false},"excerpt":{"rendered":"<p>Desarrollo del liderazgo y discipulado, Cleveland, TN 37320-2910, Cleveland TN PO Box 2910, United States of America (the), email: lddcogop@gmail.com, phone: 423-559-5100 Sobre la recopilaci\u00f3n,&hellip;<\/p>\n","protected":false},"author":1,"featured_media":0,"parent":0,"menu_order":0,"comment_status":"closed","ping_status":"open","template":"","meta":{"footnotes":""},"class_list":["post-3147","page","type-page","status-publish","hentry"],"_links":{"self":[{"href":"https:\/\/lddtraining.com\/es\/wp-json\/wp\/v2\/pages\/3147","targetHints":{"allow":["GET"]}}],"collection":[{"href":"https:\/\/lddtraining.com\/es\/wp-json\/wp\/v2\/pages"}],"about":[{"href":"https:\/\/lddtraining.com\/es\/wp-json\/wp\/v2\/types\/page"}],"author":[{"embeddable":true,"href":"https:\/\/lddtraining.com\/es\/wp-json\/wp\/v2\/users\/1"}],"replies":[{"embeddable":true,"href":"https:\/\/lddtraining.com\/es\/wp-json\/wp\/v2\/comments?post=3147"}],"version-history":[{"count":0,"href":"https:\/\/lddtraining.com\/es\/wp-json\/wp\/v2\/pages\/3147\/revisions"}],"wp:attachment":[{"href":"https:\/\/lddtraining.com\/es\/wp-json\/wp\/v2\/media?parent=3147"}],"curies":[{"name":"wp","href":"https:\/\/api.w.org\/{rel}","templated":true}]}}