{"id":3149,"date":"2023-06-05T15:53:47","date_gmt":"2023-06-05T15:53:47","guid":{"rendered":"https:\/\/lddtraining.com\/condiciones-de-servicio\/"},"modified":"2023-09-05T18:15:47","modified_gmt":"2023-09-05T18:15:47","slug":"condiciones-de-servicio","status":"publish","type":"page","link":"https:\/\/lddtraining.com\/es\/condiciones-de-servicio\/","title":{"rendered":"Condiciones de servicio"},"content":{"rendered":"\t\t<div data-elementor-type=\"wp-page\" data-elementor-id=\"3149\" class=\"elementor elementor-3149 elementor-1898\" data-elementor-post-type=\"page\">\n\t\t\t\t\t\t<section class=\"elementor-section elementor-top-section elementor-element elementor-element-51b9a6e elementor-section-boxed elementor-section-height-default elementor-section-height-default\" data-id=\"51b9a6e\" data-element_type=\"section\" data-e-type=\"section\">\n\t\t\t\t\t\t<div class=\"elementor-container elementor-column-gap-default\">\n\t\t\t\t\t<div class=\"elementor-column elementor-col-100 elementor-top-column elementor-element elementor-element-19cdac2\" data-id=\"19cdac2\" data-element_type=\"column\" data-e-type=\"column\">\n\t\t\t<div class=\"elementor-widget-wrap elementor-element-populated\">\n\t\t\t\t\t\t<div class=\"elementor-element elementor-element-57adb4e elementor-widget elementor-widget-text-editor\" data-id=\"57adb4e\" data-element_type=\"widget\" data-e-type=\"widget\" data-widget_type=\"text-editor.default\">\n\t\t\t\t<div class=\"elementor-widget-container\">\n\t\t\t\t\t\t\t\t\t<p>Hemos hecho todo lo posible para que nuestros sitios web sean \u00fatiles e informativos. Esperamos haberlo conseguido, y le rogamos que nos comunique si desea ver mejoras o cambios que le faciliten a\u00fan m\u00e1s la b\u00fasqueda de la informaci\u00f3n que necesita y desea.<\/p>\n<p>Lo \u00fanico que le pedimos es que acepte cumplir las siguientes condiciones. T\u00f3mese unos minutos para leerlas, ya que al utilizar nuestros sitios las acepta autom\u00e1ticamente. Naturalmente, si no est\u00e1 de acuerdo, no utilice los sitios. Nos reservamos el derecho a realizar las modificaciones que consideremos necesarias en cualquier momento. Siga consultando estas condiciones para conocer los posibles cambios. El uso continuado de los sitios Web de la Iglesia de Dios de la Profec\u00eda implica la aceptaci\u00f3n de dichos cambios.<\/p>\n<p><strong>Restricciones de uso de nuestros materiales en l\u00ednea<\/strong><\/p>\n<p>Todos los materiales contenidos en los sitios web de la Iglesia de Dios de la Profec\u00eda (\u00abMaterial en l\u00ednea\u00bb) son propiedad registrada de la Iglesia de Dios de la Profec\u00eda. Todas las marcas comerciales, marcas de servicio y nombres comerciales son propiedad de la Iglesia de Dios de la Profec\u00eda. Ning\u00fan material en l\u00ednea de nuestros sitios web puede ser copiado, reproducido, republicado, cargado, enviado, transmitido o distribuido de ninguna manera, excepto que usted puede descargar una copia de los materiales en un solo ordenador para su uso personal, no comercial y dom\u00e9stico, siempre que usted 1) conservar todos los avisos de copyright, marca registrada y propiedad, 2) no realice modificaciones en los materiales, 3) no utilice los materiales de forma que sugiera una asociaci\u00f3n con cualquiera de nuestros productos, servicios, eventos o marcas, y 4) no descargue cantidades de materiales a una base de datos, servidor u ordenador personal para su reutilizaci\u00f3n con fines comerciales. No obstante, no podr\u00e1 copiar, reproducir, volver a publicar, cargar, enviar por correo, transmitir o distribuir nuestro Material en l\u00ednea de ninguna manera ni con ning\u00fan otro fin, a menos que obtenga primero nuestro permiso por escrito. Tampoco podr\u00e1 a\u00f1adir, eliminar, distorsionar o tergiversar ning\u00fan contenido de los sitios de la Iglesia de Dios de la Profec\u00eda. Est\u00e1n prohibidos los intentos de modificar cualquier Material en l\u00ednea, o de anular o eludir nuestras funciones de seguridad.<\/p>\n<p>Todo lo que descargue, cualquier software, adem\u00e1s de todos los archivos, todas las im\u00e1genes incorporadas o generadas por el software, y todos los datos que lo acompa\u00f1an, se considera licenciado a usted por la Iglesia de Dios de la Profec\u00eda o terceros licenciantes para su uso personal, no comercial en el hogar solamente. No le transferimos la titularidad del software. Esto significa que conservamos la plena titularidad del software y de todos los derechos de propiedad intelectual asociados. No est\u00e1 permitido redistribuir o vender el material ni aplicar ingenier\u00eda inversa, desmontarlo o convertirlo de cualquier otra forma que pueda ser utilizada por otros.<\/p>\n<p><strong>Env\u00edenos su material en l\u00ednea<\/strong><\/p>\n<p>Todas las observaciones, sugerencias, ideas, gr\u00e1ficos, comentarios u otra informaci\u00f3n que usted env\u00ede a la Iglesia de Dios de la Profec\u00eda a trav\u00e9s de nuestros sitios (aparte de la informaci\u00f3n que nos comprometemos a proteger en virtud de nuestra Pol\u00edtica de Privacidad), se convierte y sigue siendo de nuestra propiedad, incluso si este acuerdo se termina m\u00e1s tarde.<\/p>\n<p>Eso significa que tales env\u00edos no se tratan como confidenciales. Si los utilizamos, o uno de naturaleza similar, no estamos obligados a pagarle a usted ni a nadie por ellos. Tendremos la propiedad exclusiva de todos los derechos presentes y futuros sobre los env\u00edos de cualquier tipo. Podemos utilizarlos para cualquier fin que consideremos apropiado para la misi\u00f3n de nuestra Iglesia de Dios de la Profec\u00eda, sin compensarle a usted ni a nadie por ello.<\/p>\n<p>Usted reconoce que es responsable de cualquier env\u00edo que realice. Esto significa que usted (y no nosotros) es plenamente responsable del mensaje, incluida su legalidad, fiabilidad, adecuaci\u00f3n, originalidad y derechos de autor.<\/p>\n<p><strong>Limitaci\u00f3n de la responsabilidad<\/strong><\/p>\n<p>La Iglesia de Dios de la Profec\u00eda no ser\u00e1 responsable de ning\u00fan da\u00f1o o perjuicio que acompa\u00f1e o resulte de su uso de cualquiera de sus sitios.<br \/>Estos incluyen (pero no se limitan a) los da\u00f1os o lesiones causados por cualquier:<\/p>\n<p>Uso (o imposibilidad de uso) de los sitios web<br \/>Uso (o imposibilidad de uso) de cualquier sitio al que se acceda mediante un hiperv\u00ednculo desde nuestros sitios web.<br \/>Si nuestros sitios no funcionan de la manera que usted esperaba o deseaba.<br \/>Error u omisi\u00f3n en nuestros sitios<br \/>Interrupci\u00f3n de la disponibilidad de nuestros sitios<br \/>Defectos en nuestros sitios<br \/>Retraso en el funcionamiento o la transmisi\u00f3n de nuestros sitios<br \/>Virus inform\u00e1tico o fallo de la l\u00ednea<br \/>Tenga en cuenta que no somos responsables de ning\u00fan da\u00f1o, incluidos, entre otros, los siguientes:<br \/>Da\u00f1os y perjuicios destinados a compensar directamente a alguien por una p\u00e9rdida o perjuicio<br \/>Da\u00f1os razonablemente previsibles como consecuencia de una p\u00e9rdida o lesi\u00f3n (conocidos en t\u00e9rminos jur\u00eddicos como \u00abda\u00f1os consecuentes\u00bb).<br \/>Otros da\u00f1os y gastos diversos derivados directamente de un siniestro o lesi\u00f3n (conocidos en t\u00e9rminos jur\u00eddicos como \u00abda\u00f1os incidentales\u00bb).<br \/>No seremos responsables aunque hayamos sido negligentes o si nuestro representante autorizado ha sido advertido de la posibilidad de tales da\u00f1os, o ambas cosas.<br \/>Excepci\u00f3n: Ciertas leyes estatales pueden no permitirnos limitar o excluir la responsabilidad por estos da\u00f1os \u00abincidentales\u00bb o \u00abconsecuentes\u00bb. Si vives en uno de esos estados, la limitaci\u00f3n anterior no se aplicar\u00eda, lo que significar\u00eda que podr\u00edas tener derecho a recuperar este tipo de da\u00f1os. Sin embargo, en cualquier caso, nuestra responsabilidad hacia usted por todas las p\u00e9rdidas, da\u00f1os, lesiones y reclamaciones de cualquier tipo (tanto si los da\u00f1os se reclaman bajo los t\u00e9rminos de un contrato, como si se reclaman por negligencia u otra conducta il\u00edcita, o se reclaman bajo cualquier otra teor\u00eda legal) no ser\u00e1 superior a la cantidad que usted pag\u00f3 para acceder a nuestros sitios.<\/p>\n<p><strong>Enlaces a otros sitios<\/strong><\/p>\n<p>A veces proporcionamos referencias y enlaces a otros sitios de la World Wide Web desde nuestros sitios. Dicho enlace no debe considerarse como un respaldo, aprobaci\u00f3n o acuerdo con cualquier informaci\u00f3n o recursos ofrecidos en sitios a los que pueda acceder a trav\u00e9s de nuestros sitios. En caso de duda, compruebe siempre la direcci\u00f3n del Localizador Uniforme de Recursos (URL) proporcionada en su navegador WWW para ver si todav\u00eda se encuentra en un sitio operado por la Iglesia de Dios de la Profec\u00eda o si se ha trasladado a otro sitio. La Iglesia de Dios de la Profec\u00eda no es responsable del contenido o las pr\u00e1cticas de los sitios de terceros que puedan estar vinculados a nuestros sitios. Cuando la Iglesia de Dios de la Profec\u00eda proporciona enlaces o referencias a otros sitios web, no se debe hacer ninguna inferencia o suposici\u00f3n y no se debe inferir ninguna representaci\u00f3n de que la Iglesia de Dios de la Profec\u00eda est\u00e1 conectada con, opera o controla estos sitios web. Cualquier enlace aprobado no debe representar de ninguna manera, ya sea expl\u00edcita o impl\u00edcitamente, que usted ha recibido el respaldo, patrocinio o apoyo de cualquier sitio de la Iglesia de Dios de la Profec\u00eda o el respaldo, patrocinio o apoyo del ministerio de la Iglesia de Dios de la Profec\u00eda, incluyendo sus respectivos empleados, agentes o directores.<\/p>\n<p><strong>Rescisi\u00f3n del presente Acuerdo<\/strong><\/p>\n<p>El presente acuerdo estar\u00e1 en vigor hasta su rescisi\u00f3n por cualquiera de las partes. Puede rescindir este acuerdo en cualquier momento, destruyendo todos los materiales obtenidos de todos los sitios Web de Church of God of Prophecy, junto con toda la documentaci\u00f3n relacionada y todas las copias e instalaciones. La Iglesia de Dios de la Profec\u00eda puede terminar este acuerdo en cualquier momento y sin previo aviso, si, a su juicio, usted incumple cualquier t\u00e9rmino o condici\u00f3n de este acuerdo. En el momento de la rescisi\u00f3n, deber\u00e1 destruir todos los materiales. Adem\u00e1s, al proporcionar material en nuestros sitios web, no prometemos en modo alguno que los materiales permanecer\u00e1n disponibles para usted. Y la Iglesia de Dios de la Profec\u00eda tiene derecho a cancelar la totalidad o parte de cualquiera de sus sitios Web sin previo aviso.<\/p>\n<p><strong>Jurisdicci\u00f3n y otros aspectos a tener en cuenta<\/strong><\/p>\n<p>A menos que se especifique lo contrario, los materiales en l\u00ednea en nuestros sitios se presentan para proporcionar informaci\u00f3n sobre los recursos de la Iglesia de Dios de la Profec\u00eda. El ministerio de la Iglesia de Dios de la Profec\u00eda fue organizado bajo las leyes de Tennessee, en los Estados Unidos de Am\u00e9rica. Si utiliza nuestros sitios desde ubicaciones fuera de Estados Unidos, usted es responsable del cumplimiento de las leyes aplicables. Estas Condiciones de uso, y el acuerdo que crean, se regir\u00e1n e interpretar\u00e1n de acuerdo con las leyes del Estado de Tennessee (sin aplicar los principios de conflicto de leyes del estado). Si alguna disposici\u00f3n de este acuerdo es ilegal, nula o inaplicable, no afectar\u00e1 a la validez y aplicabilidad de las disposiciones restantes. La Iglesia de Dios de la Profec\u00eda puede modificar estas Condiciones de Uso, y el acuerdo que crean, en cualquier momento, simplemente actualizando esta publicaci\u00f3n y sin previo aviso. Este es TODO el acuerdo relativo a todos los asuntos que se han enumerado.<\/p>\n\t\t\t\t\t\t\t\t<\/div>\n\t\t\t\t<\/div>\n\t\t\t\t\t<\/div>\n\t\t<\/div>\n\t\t\t\t\t<\/div>\n\t\t<\/section>\n\t\t\t\t<\/div>\n\t\t","protected":false},"excerpt":{"rendered":"<p>Hemos hecho todo lo posible para que nuestros sitios web sean \u00fatiles e informativos. Esperamos haberlo conseguido, y le rogamos que nos comunique si desea&hellip;<\/p>\n","protected":false},"author":2,"featured_media":0,"parent":0,"menu_order":0,"comment_status":"closed","ping_status":"closed","template":"","meta":{"footnotes":""},"class_list":["post-3149","page","type-page","status-publish","hentry"],"_links":{"self":[{"href":"https:\/\/lddtraining.com\/es\/wp-json\/wp\/v2\/pages\/3149","targetHints":{"allow":["GET"]}}],"collection":[{"href":"https:\/\/lddtraining.com\/es\/wp-json\/wp\/v2\/pages"}],"about":[{"href":"https:\/\/lddtraining.com\/es\/wp-json\/wp\/v2\/types\/page"}],"author":[{"embeddable":true,"href":"https:\/\/lddtraining.com\/es\/wp-json\/wp\/v2\/users\/2"}],"replies":[{"embeddable":true,"href":"https:\/\/lddtraining.com\/es\/wp-json\/wp\/v2\/comments?post=3149"}],"version-history":[{"count":0,"href":"https:\/\/lddtraining.com\/es\/wp-json\/wp\/v2\/pages\/3149\/revisions"}],"wp:attachment":[{"href":"https:\/\/lddtraining.com\/es\/wp-json\/wp\/v2\/media?parent=3149"}],"curies":[{"name":"wp","href":"https:\/\/api.w.org\/{rel}","templated":true}]}}