{"id":32240,"date":"2024-07-22T14:39:55","date_gmt":"2024-07-22T14:39:55","guid":{"rendered":"https:\/\/lddtraining.com\/form-onsite\/"},"modified":"2024-07-23T13:05:31","modified_gmt":"2024-07-23T13:05:31","slug":"formulario-en-sitio","status":"publish","type":"page","link":"https:\/\/lddtraining.com\/es\/formulario-en-sitio\/","title":{"rendered":"Formulario en sitio"},"content":{"rendered":"\t\t<div data-elementor-type=\"wp-page\" data-elementor-id=\"32240\" class=\"elementor elementor-32240 elementor-32189\" data-elementor-post-type=\"page\">\n\t\t\t\t\t\t<section class=\"elementor-section elementor-top-section elementor-element elementor-element-d76a17d elementor-section-boxed elementor-section-height-default elementor-section-height-default\" data-id=\"d76a17d\" data-element_type=\"section\" data-e-type=\"section\">\n\t\t\t\t\t\t<div class=\"elementor-container elementor-column-gap-default\">\n\t\t\t\t\t<div class=\"elementor-column elementor-col-100 elementor-top-column elementor-element elementor-element-daa83ac\" data-id=\"daa83ac\" data-element_type=\"column\" data-e-type=\"column\">\n\t\t\t<div class=\"elementor-widget-wrap elementor-element-populated\">\n\t\t\t\t\t\t<div class=\"elementor-element elementor-element-b3e4228 elementor-widget elementor-widget-wpforms\" data-id=\"b3e4228\" data-element_type=\"widget\" data-e-type=\"widget\" data-widget_type=\"wpforms.default\">\n\t\t\t\t<div class=\"elementor-widget-container\">\n\t\t\t\t\t<div class=\"wpforms-container wpforms-container-full wpforms-render-modern\" id=\"wpforms-32234\"><form id=\"wpforms-form-32234\" class=\"wpforms-validate wpforms-form wpforms-ajax-form\" data-formid=\"32234\" method=\"post\" enctype=\"multipart\/form-data\" action=\"\/es\/wp-json\/wp\/v2\/pages\/32240\" data-token=\"204882221a2bb24b34256ce3dd5b5737\" data-token-time=\"1776382243\"><div class=\"wpforms-head-container\"><div class=\"wpforms-title\">\u00bfQuieres organizar una capacitaci\u00f3n presencial en tu \u00e1rea?<\/div><div class=\"wpforms-description\">Si est\u00e1s interesado en organizar una capacitaci\u00f3n presencial del Programa de Desarrollo para Ministros: Fundamentos en tu \u00e1rea, por favor completa este formulario. Una vez completado, la oficina de DLD se pondr\u00e1 en contacto contigo por correo electr\u00f3nico o tel\u00e9fono para discutir los pr\u00f3ximos pasos del proceso.<\/div><\/div><noscript class=\"wpforms-error-noscript\">Por favor, activa JavaScript en tu navegador para completar este formulario.<\/noscript><div id=\"wpforms-error-noscript\" style=\"display: none;\">Por favor, activa JavaScript en tu navegador para completar este formulario.<\/div><div class=\"wpforms-field-container\"><div id=\"wpforms-32234-field_1-container\" class=\"wpforms-field wpforms-field-name\" data-field-id=\"1\"><fieldset><legend class=\"wpforms-field-label\">Nombre del candidato <span class=\"wpforms-required-label\" aria-hidden=\"true\">*<\/span><\/legend><div class=\"wpforms-field-row wpforms-field-large\"><div class=\"wpforms-field-row-block wpforms-first wpforms-one-half\"><input type=\"text\" id=\"wpforms-32234-field_1\" class=\"wpforms-field-name-first wpforms-field-required\" name=\"wpforms[fields][1][first]\" aria-errormessage=\"wpforms-32234-field_1-error\" required><label for=\"wpforms-32234-field_1\" class=\"wpforms-field-sublabel after\">Nombre<\/label><\/div><div class=\"wpforms-field-row-block wpforms-one-half\"><input type=\"text\" id=\"wpforms-32234-field_1-last\" class=\"wpforms-field-name-last wpforms-field-required\" name=\"wpforms[fields][1][last]\" aria-errormessage=\"wpforms-32234-field_1-last-error\" required><label for=\"wpforms-32234-field_1-last\" class=\"wpforms-field-sublabel after\">Apellido<\/label><\/div><\/div><\/fieldset><\/div><div id=\"wpforms-32234-field_7-container\" class=\"wpforms-field wpforms-field-email wpforms-one-half wpforms-first\" data-field-id=\"7\"><label class=\"wpforms-field-label\" for=\"wpforms-32234-field_7\">Email <span class=\"wpforms-required-label\" aria-hidden=\"true\">*<\/span><\/label><input type=\"email\" id=\"wpforms-32234-field_7\" class=\"wpforms-field-large wpforms-field-required\" name=\"wpforms[fields][7]\" spellcheck=\"false\" aria-errormessage=\"wpforms-32234-field_7-error\" required><\/div><div id=\"wpforms-32234-field_12-container\" class=\"wpforms-field wpforms-field-number wpforms-one-half\" data-field-id=\"12\"><label class=\"wpforms-field-label\" for=\"wpforms-32234-field_12\">N\u00famero de Tel\u00e9fono o What\u2019s App <span class=\"wpforms-required-label\" aria-hidden=\"true\">*<\/span><\/label><input type=\"number\" id=\"wpforms-32234-field_12\" class=\"wpforms-field-large wpforms-field-required\" name=\"wpforms[fields][12]\" step=\"any\" aria-errormessage=\"wpforms-32234-field_12-error\" required><\/div><div id=\"wpforms-32234-field_13-container\" class=\"wpforms-field wpforms-field-text wpforms-one-half wpforms-first\" data-field-id=\"13\"><label class=\"wpforms-field-label\" for=\"wpforms-32234-field_13\">Direcci\u00f3n 1 <span class=\"wpforms-required-label\" aria-hidden=\"true\">*<\/span><\/label><input type=\"text\" id=\"wpforms-32234-field_13\" class=\"wpforms-field-large wpforms-field-required\" name=\"wpforms[fields][13]\" aria-errormessage=\"wpforms-32234-field_13-error\" required><\/div><div id=\"wpforms-32234-field_14-container\" class=\"wpforms-field wpforms-field-text wpforms-one-half\" data-field-id=\"14\"><label class=\"wpforms-field-label\" for=\"wpforms-32234-field_14\">Direcci\u00f3n 2<\/label><input type=\"text\" id=\"wpforms-32234-field_14\" class=\"wpforms-field-large\" name=\"wpforms[fields][14]\" aria-errormessage=\"wpforms-32234-field_14-error\" ><\/div><div id=\"wpforms-32234-field_15-container\" class=\"wpforms-field wpforms-field-text wpforms-one-half wpforms-first wpforms-one-third\" data-field-id=\"15\"><label class=\"wpforms-field-label\" for=\"wpforms-32234-field_15\">Ciudad <span class=\"wpforms-required-label\" aria-hidden=\"true\">*<\/span><\/label><input type=\"text\" id=\"wpforms-32234-field_15\" class=\"wpforms-field-large wpforms-field-required\" name=\"wpforms[fields][15]\" aria-errormessage=\"wpforms-32234-field_15-error\" required><\/div><div id=\"wpforms-32234-field_16-container\" class=\"wpforms-field wpforms-field-text wpforms-one-half wpforms-one-third\" data-field-id=\"16\"><label class=\"wpforms-field-label\" for=\"wpforms-32234-field_16\">Estado<\/label><input type=\"text\" id=\"wpforms-32234-field_16\" class=\"wpforms-field-large\" name=\"wpforms[fields][16]\" aria-errormessage=\"wpforms-32234-field_16-error\" ><\/div><div id=\"wpforms-32234-field_17-container\" class=\"wpforms-field wpforms-field-text wpforms-one-third\" data-field-id=\"17\"><label class=\"wpforms-field-label\" for=\"wpforms-32234-field_17\">C\u00f3digo Postal<\/label><input type=\"text\" id=\"wpforms-32234-field_17\" class=\"wpforms-field-large\" name=\"wpforms[fields][17]\" aria-errormessage=\"wpforms-32234-field_17-error\" ><\/div><div id=\"wpforms-32234-field_18-container\" class=\"wpforms-field wpforms-field-text wpforms-one-half wpforms-first\" data-field-id=\"18\"><label class=\"wpforms-field-label\" for=\"wpforms-32234-field_18\">Provincia<\/label><input type=\"text\" id=\"wpforms-32234-field_18\" class=\"wpforms-field-large\" name=\"wpforms[fields][18]\" aria-errormessage=\"wpforms-32234-field_18-error\" ><\/div><div id=\"wpforms-32234-field_19-container\" class=\"wpforms-field wpforms-field-text wpforms-one-half\" data-field-id=\"19\"><label class=\"wpforms-field-label\" for=\"wpforms-32234-field_19\">Pa\u00eds <span class=\"wpforms-required-label\" aria-hidden=\"true\">*<\/span><\/label><input type=\"text\" id=\"wpforms-32234-field_19\" class=\"wpforms-field-large wpforms-field-required\" name=\"wpforms[fields][19]\" aria-errormessage=\"wpforms-32234-field_19-error\" required><\/div><div id=\"wpforms-32234-field_20-container\" class=\"wpforms-field wpforms-field-checkbox\" data-field-id=\"20\"><fieldset><legend class=\"wpforms-field-label\">\u00bfPor qu\u00e9 deseas organizar una capacitaci\u00f3n presencial del Programa de Desarrollo para Ministros? <span class=\"wpforms-required-label\" aria-hidden=\"true\">*<\/span><\/legend><ul id=\"wpforms-32234-field_20\" class=\"wpforms-field-required\"><li class=\"choice-1 depth-1\"><input type=\"checkbox\" id=\"wpforms-32234-field_20_1\" name=\"wpforms[fields][20][]\" value=\"Desarrollo Ministerial\" aria-errormessage=\"wpforms-32234-field_20_1-error\" aria-describedby=\"wpforms-32234-field_20-description\" required ><label class=\"wpforms-field-label-inline\" for=\"wpforms-32234-field_20_1\">Desarrollo Ministerial<\/label><\/li><li class=\"choice-2 depth-1\"><input type=\"checkbox\" id=\"wpforms-32234-field_20_2\" name=\"wpforms[fields][20][]\" value=\"Cumplir con el Requisito de Licencia Ministerial\" aria-errormessage=\"wpforms-32234-field_20_2-error\" aria-describedby=\"wpforms-32234-field_20-description\" required ><label class=\"wpforms-field-label-inline\" for=\"wpforms-32234-field_20_2\">Cumplir con el Requisito de Licencia Ministerial<\/label><\/li><li class=\"choice-3 depth-1\"><input type=\"checkbox\" id=\"wpforms-32234-field_20_3\" name=\"wpforms[fields][20][]\" value=\"Recibir horas de cr\u00e9dito para el Certificado en Ministerio y Estudios Teol\u00f3gicos del Seminario Esp\u00edritu y Vida\" aria-errormessage=\"wpforms-32234-field_20_3-error\" aria-describedby=\"wpforms-32234-field_20-description\" required ><label class=\"wpforms-field-label-inline\" for=\"wpforms-32234-field_20_3\">Recibir horas de cr\u00e9dito para el Certificado en Ministerio y Estudios Teol\u00f3gicos del Seminario Esp\u00edritu y Vida<\/label><\/li><\/ul><div id=\"wpforms-32234-field_20-description\" class=\"wpforms-field-description\">Por favor, selecciona todas las opciones que correspondan.<\/div><\/fieldset><\/div><div id=\"wpforms-32234-field_21-container\" class=\"wpforms-field wpforms-field-text\" data-field-id=\"21\"><label class=\"wpforms-field-label\" for=\"wpforms-32234-field_21\">Informaci\u00f3n del Obispo de \u00c1rea<\/label><input type=\"text\" id=\"wpforms-32234-field_21\" class=\"wpforms-field-large\" name=\"wpforms[fields][21]\" aria-errormessage=\"wpforms-32234-field_21-error\" aria-describedby=\"wpforms-32234-field_21-description\" ><div id=\"wpforms-32234-field_21-description\" class=\"wpforms-field-description\">NOTA: Debes informar a tu obispo de \u00e1rea que est\u00e1s organizando una capacitaci\u00f3n presencial del MDP. Al enviar este formulario, se les enviar\u00e1 un correo electr\u00f3nico notific\u00e1ndoles de tu planificaci\u00f3n.<\/div><\/div><div id=\"wpforms-32234-field_22-container\" class=\"wpforms-field wpforms-field-name\" data-field-id=\"22\"><fieldset><legend class=\"wpforms-field-label\">Nombre del Obispo <span class=\"wpforms-required-label\" aria-hidden=\"true\">*<\/span><\/legend><div class=\"wpforms-field-row wpforms-field-large\"><div class=\"wpforms-field-row-block wpforms-first wpforms-one-half\"><input type=\"text\" id=\"wpforms-32234-field_22\" class=\"wpforms-field-name-first wpforms-field-required\" name=\"wpforms[fields][22][first]\" placeholder=\"Nombre\" aria-errormessage=\"wpforms-32234-field_22-error\" required><label for=\"wpforms-32234-field_22\" class=\"wpforms-field-sublabel after\">Nombre<\/label><\/div><div class=\"wpforms-field-row-block wpforms-one-half\"><input type=\"text\" id=\"wpforms-32234-field_22-last\" class=\"wpforms-field-name-last wpforms-field-required\" name=\"wpforms[fields][22][last]\" placeholder=\"Apellido\" aria-errormessage=\"wpforms-32234-field_22-last-error\" required><label for=\"wpforms-32234-field_22-last\" class=\"wpforms-field-sublabel after\">Apellido<\/label><\/div><\/div><\/fieldset><\/div><div id=\"wpforms-32234-field_23-container\" class=\"wpforms-field wpforms-field-email wpforms-one-half wpforms-first\" data-field-id=\"23\"><label class=\"wpforms-field-label\" for=\"wpforms-32234-field_23\">Correo Electr\u00f3nico del Obispo <span class=\"wpforms-required-label\" aria-hidden=\"true\">*<\/span><\/label><input type=\"email\" id=\"wpforms-32234-field_23\" class=\"wpforms-field-large wpforms-field-required\" name=\"wpforms[fields][23]\" spellcheck=\"false\" aria-errormessage=\"wpforms-32234-field_23-error\" required><\/div><div id=\"wpforms-32234-field_24-container\" class=\"wpforms-field wpforms-field-number wpforms-one-half wpforms-first\" data-field-id=\"24\"><label class=\"wpforms-field-label\" for=\"wpforms-32234-field_24\">N\u00famero de Tel\u00e9fono<\/label><input type=\"number\" id=\"wpforms-32234-field_24\" class=\"wpforms-field-large\" name=\"wpforms[fields][24]\" step=\"any\" aria-errormessage=\"wpforms-32234-field_24-error\" ><\/div><div id=\"wpforms-32234-field_25-container\" class=\"wpforms-field wpforms-field-number wpforms-one-half\" data-field-id=\"25\"><label class=\"wpforms-field-label\" for=\"wpforms-32234-field_25\">N\u00famero de What\u2019s App<\/label><input type=\"number\" id=\"wpforms-32234-field_25\" class=\"wpforms-field-large\" name=\"wpforms[fields][25]\" step=\"any\" aria-errormessage=\"wpforms-32234-field_25-error\" ><\/div><div id=\"wpforms-32234-field_26-container\" class=\"wpforms-field wpforms-field-text\" data-field-id=\"26\"><label class=\"wpforms-field-label\" for=\"wpforms-32234-field_26\">Regi\u00f3n del Obispo de \u00c1rea <span class=\"wpforms-required-label\" aria-hidden=\"true\">*<\/span><\/label><input type=\"text\" id=\"wpforms-32234-field_26\" class=\"wpforms-field-large wpforms-field-required\" name=\"wpforms[fields][26]\" aria-errormessage=\"wpforms-32234-field_26-error\" required><\/div><\/div><!-- .wpforms-field-container --><div class=\"wpforms-submit-container\" ><input type=\"hidden\" name=\"wpforms[id]\" value=\"32234\"><input type=\"hidden\" name=\"page_title\" value=\"\"><input type=\"hidden\" name=\"page_url\" value=\"https:\/\/lddtraining.com\/es\/wp-json\/wp\/v2\/pages\/32240\"><input type=\"hidden\" name=\"url_referer\" value=\"\"><button type=\"submit\" name=\"wpforms[submit]\" id=\"wpforms-submit-32234\" class=\"wpforms-submit\" data-alt-text=\"Enviando...\" data-submit-text=\"Enviar\" aria-live=\"assertive\" value=\"wpforms-submit\">Enviar<\/button><img decoding=\"async\" src=\"https:\/\/lddtraining.com\/wp-content\/plugins\/wpforms\/assets\/images\/submit-spin.svg\" class=\"wpforms-submit-spinner\" style=\"display: none;\" width=\"26\" height=\"26\" alt=\"Cargando\"><\/div><\/form><\/div>  <!-- .wpforms-container -->\t\t\t\t<\/div>\n\t\t\t\t<\/div>\n\t\t\t\t<div class=\"elementor-element elementor-element-b824378 elementor-widget elementor-widget-text-editor\" data-id=\"b824378\" data-element_type=\"widget\" data-e-type=\"widget\" data-widget_type=\"text-editor.default\">\n\t\t\t\t<div class=\"elementor-widget-container\">\n\t\t\t\t\t\t\t\t\t<p><strong>NOTA: Al elegir a tus instructores para ayudar a ense\u00f1ar el Programa de Desarrollo para Ministros: Fundamentos, ten en cuenta esta informaci\u00f3n.<\/strong><\/p><div>Si los participantes buscan recibir horas de cr\u00e9dito para el Seminario Esp\u00edritu y Vida.<\/div><ul><li>El instructor del curso debe tener un t\u00edtulo de maestr\u00eda o superior en un campo relacionado con el curso que se est\u00e1 estudiando (teolog\u00eda, ministerio, liderazgo, educaci\u00f3n, etc.).<\/li><li>El anfitri\u00f3n puede utilizar un instructor que no tenga las credenciales educativas requeridas para cinco de las siete lecciones.<\/li><li>Si deseas utilizar un instructor verificado por DLD, por favor solic\u00edtalo enviando un correo electr\u00f3nico a ldd@cogop.org.<\/li><li>Cuando el anfitri\u00f3n reciba los materiales del curso de la oficina de DLD, podr\u00e1 compartirlos con los instructores elegidos para ense\u00f1ar la capacitaci\u00f3n presencial. Por favor, no permitas que los instructores compartan los materiales con nadie m\u00e1s.<\/li><\/ul><p><strong>Reconocimiento<\/strong><\/p><p>Despu\u00e9s de enviar este formulario, recibir\u00e1s una notificaci\u00f3n de recepci\u00f3n. Dentro de las 48 horas, recibir\u00e1s un correo electr\u00f3nico de nuestra oficina de DLD para discutir m\u00e1s detalles sobre tu capacitaci\u00f3n presencial del Programa de Desarrollo para Ministros: Fundamentos.<\/p>\t\t\t\t\t\t\t\t<\/div>\n\t\t\t\t<\/div>\n\t\t\t\t\t<\/div>\n\t\t<\/div>\n\t\t\t\t\t<\/div>\n\t\t<\/section>\n\t\t\t\t<\/div>\n\t\t","protected":false},"excerpt":{"rendered":"<p>\u00bfQuieres organizar una capacitaci\u00f3n presencial en tu \u00e1rea?Si est\u00e1s interesado en organizar una capacitaci\u00f3n presencial del Programa de Desarrollo para Ministros: Fundamentos en tu \u00e1rea,&hellip;<\/p>\n","protected":false},"author":2,"featured_media":0,"parent":0,"menu_order":0,"comment_status":"closed","ping_status":"closed","template":"","meta":{"footnotes":""},"class_list":["post-32240","page","type-page","status-publish","hentry"],"_links":{"self":[{"href":"https:\/\/lddtraining.com\/es\/wp-json\/wp\/v2\/pages\/32240","targetHints":{"allow":["GET"]}}],"collection":[{"href":"https:\/\/lddtraining.com\/es\/wp-json\/wp\/v2\/pages"}],"about":[{"href":"https:\/\/lddtraining.com\/es\/wp-json\/wp\/v2\/types\/page"}],"author":[{"embeddable":true,"href":"https:\/\/lddtraining.com\/es\/wp-json\/wp\/v2\/users\/2"}],"replies":[{"embeddable":true,"href":"https:\/\/lddtraining.com\/es\/wp-json\/wp\/v2\/comments?post=32240"}],"version-history":[{"count":0,"href":"https:\/\/lddtraining.com\/es\/wp-json\/wp\/v2\/pages\/32240\/revisions"}],"wp:attachment":[{"href":"https:\/\/lddtraining.com\/es\/wp-json\/wp\/v2\/media?parent=32240"}],"curies":[{"name":"wp","href":"https:\/\/api.w.org\/{rel}","templated":true}]}}