{"id":32268,"date":"2024-07-22T14:39:55","date_gmt":"2024-07-22T14:39:55","guid":{"rendered":"https:\/\/lddtraining.com\/form-onsite\/"},"modified":"2024-07-26T15:21:32","modified_gmt":"2024-07-26T15:21:32","slug":"formulaire-en-presentiel","status":"publish","type":"page","link":"https:\/\/lddtraining.com\/fr\/formulaire-en-presentiel\/","title":{"rendered":"Formulaire en pr\u00e9sentiel"},"content":{"rendered":"\t\t<div data-elementor-type=\"wp-page\" data-elementor-id=\"32268\" class=\"elementor elementor-32268 elementor-32189\" data-elementor-post-type=\"page\">\n\t\t\t\t\t\t<section class=\"elementor-section elementor-top-section elementor-element elementor-element-d76a17d elementor-section-boxed elementor-section-height-default elementor-section-height-default\" data-id=\"d76a17d\" data-element_type=\"section\" data-e-type=\"section\">\n\t\t\t\t\t\t<div class=\"elementor-container elementor-column-gap-default\">\n\t\t\t\t\t<div class=\"elementor-column elementor-col-100 elementor-top-column elementor-element elementor-element-daa83ac\" data-id=\"daa83ac\" data-element_type=\"column\" data-e-type=\"column\">\n\t\t\t<div class=\"elementor-widget-wrap elementor-element-populated\">\n\t\t\t\t\t\t<div class=\"elementor-element elementor-element-b3e4228 elementor-widget elementor-widget-wpforms\" data-id=\"b3e4228\" data-element_type=\"widget\" data-e-type=\"widget\" data-widget_type=\"wpforms.default\">\n\t\t\t\t<div class=\"elementor-widget-container\">\n\t\t\t\t\t<div class=\"wpforms-container wpforms-container-full wpforms-render-modern\" id=\"wpforms-32264\"><form id=\"wpforms-form-32264\" class=\"wpforms-validate wpforms-form wpforms-ajax-form\" data-formid=\"32264\" method=\"post\" enctype=\"multipart\/form-data\" action=\"\/fr\/wp-json\/wp\/v2\/pages\/32268\" data-token=\"27ee3505ba5a3225c1ca1c4315517968\" data-token-time=\"1776387598\"><div class=\"wpforms-head-container\"><div class=\"wpforms-title\">Voulez-vous organiser une formation en pr\u00e9sentiel dans votre r\u00e9gion ?<\/div><div class=\"wpforms-description\">Si vous \u00eates int\u00e9ress\u00e9 \u00e0 organiser une formation en pr\u00e9sentiel du programme Foundations: Minister's Development Program dans votre r\u00e9gion, veuillez remplir ce formulaire. Une fois le formulaire rempli, le bureau de LDD vous contactera par e-mail ou par t\u00e9l\u00e9phone pour discuter des prochaines \u00e9tapes du processus.<\/div><\/div><noscript class=\"wpforms-error-noscript\">Veuillez activer JavaScript dans votre navigateur pour remplir ce formulaire.<\/noscript><div id=\"wpforms-error-noscript\" style=\"display: none;\">Veuillez activer JavaScript dans votre navigateur pour remplir ce formulaire.<\/div><div class=\"wpforms-field-container\"><div id=\"wpforms-32264-field_1-container\" class=\"wpforms-field wpforms-field-name\" data-field-id=\"1\"><fieldset><legend class=\"wpforms-field-label\">Nom du candidat <span class=\"wpforms-required-label\" aria-hidden=\"true\">*<\/span><\/legend><div class=\"wpforms-field-row wpforms-field-large\"><div class=\"wpforms-field-row-block wpforms-first wpforms-one-half\"><input type=\"text\" id=\"wpforms-32264-field_1\" class=\"wpforms-field-name-first wpforms-field-required\" name=\"wpforms[fields][1][first]\" aria-errormessage=\"wpforms-32264-field_1-error\" required><label for=\"wpforms-32264-field_1\" class=\"wpforms-field-sublabel after\">Pr\u00e9nom<\/label><\/div><div class=\"wpforms-field-row-block wpforms-one-half\"><input type=\"text\" id=\"wpforms-32264-field_1-last\" class=\"wpforms-field-name-last wpforms-field-required\" name=\"wpforms[fields][1][last]\" aria-errormessage=\"wpforms-32264-field_1-last-error\" required><label for=\"wpforms-32264-field_1-last\" class=\"wpforms-field-sublabel after\">Nom<\/label><\/div><\/div><\/fieldset><\/div><div id=\"wpforms-32264-field_7-container\" class=\"wpforms-field wpforms-field-email wpforms-one-half wpforms-first\" data-field-id=\"7\"><label class=\"wpforms-field-label\" for=\"wpforms-32264-field_7\">Email <span class=\"wpforms-required-label\" aria-hidden=\"true\">*<\/span><\/label><input type=\"email\" id=\"wpforms-32264-field_7\" class=\"wpforms-field-large wpforms-field-required\" name=\"wpforms[fields][7]\" spellcheck=\"false\" aria-errormessage=\"wpforms-32264-field_7-error\" required><\/div><div id=\"wpforms-32264-field_12-container\" class=\"wpforms-field wpforms-field-number wpforms-one-half\" data-field-id=\"12\"><label class=\"wpforms-field-label\" for=\"wpforms-32264-field_12\">Num\u00e9ro de t\u00e9l\u00e9phone ou WhatsApp <span class=\"wpforms-required-label\" aria-hidden=\"true\">*<\/span><\/label><input type=\"number\" id=\"wpforms-32264-field_12\" class=\"wpforms-field-large wpforms-field-required\" name=\"wpforms[fields][12]\" step=\"any\" aria-errormessage=\"wpforms-32264-field_12-error\" required><\/div><div id=\"wpforms-32264-field_13-container\" class=\"wpforms-field wpforms-field-text wpforms-one-half wpforms-first\" data-field-id=\"13\"><label class=\"wpforms-field-label\" for=\"wpforms-32264-field_13\">Adresse ligne 1 <span class=\"wpforms-required-label\" aria-hidden=\"true\">*<\/span><\/label><input type=\"text\" id=\"wpforms-32264-field_13\" class=\"wpforms-field-large wpforms-field-required\" name=\"wpforms[fields][13]\" aria-errormessage=\"wpforms-32264-field_13-error\" required><\/div><div id=\"wpforms-32264-field_14-container\" class=\"wpforms-field wpforms-field-text wpforms-one-half\" data-field-id=\"14\"><label class=\"wpforms-field-label\" for=\"wpforms-32264-field_14\">Adresse ligne 2<\/label><input type=\"text\" id=\"wpforms-32264-field_14\" class=\"wpforms-field-large\" name=\"wpforms[fields][14]\" aria-errormessage=\"wpforms-32264-field_14-error\" ><\/div><div id=\"wpforms-32264-field_15-container\" class=\"wpforms-field wpforms-field-text wpforms-one-half wpforms-first wpforms-one-third\" data-field-id=\"15\"><label class=\"wpforms-field-label\" for=\"wpforms-32264-field_15\">Ville <span class=\"wpforms-required-label\" aria-hidden=\"true\">*<\/span><\/label><input type=\"text\" id=\"wpforms-32264-field_15\" class=\"wpforms-field-large wpforms-field-required\" name=\"wpforms[fields][15]\" aria-errormessage=\"wpforms-32264-field_15-error\" required><\/div><div id=\"wpforms-32264-field_16-container\" class=\"wpforms-field wpforms-field-text wpforms-one-half wpforms-one-third\" data-field-id=\"16\"><label class=\"wpforms-field-label\" for=\"wpforms-32264-field_16\">\u00c9tat<\/label><input type=\"text\" id=\"wpforms-32264-field_16\" class=\"wpforms-field-large\" name=\"wpforms[fields][16]\" aria-errormessage=\"wpforms-32264-field_16-error\" ><\/div><div id=\"wpforms-32264-field_17-container\" class=\"wpforms-field wpforms-field-text wpforms-one-third\" data-field-id=\"17\"><label class=\"wpforms-field-label\" for=\"wpforms-32264-field_17\">Code postal<\/label><input type=\"text\" id=\"wpforms-32264-field_17\" class=\"wpforms-field-large\" name=\"wpforms[fields][17]\" aria-errormessage=\"wpforms-32264-field_17-error\" ><\/div><div id=\"wpforms-32264-field_18-container\" class=\"wpforms-field wpforms-field-text wpforms-one-half wpforms-first\" data-field-id=\"18\"><label class=\"wpforms-field-label\" for=\"wpforms-32264-field_18\">Province<\/label><input type=\"text\" id=\"wpforms-32264-field_18\" class=\"wpforms-field-large\" name=\"wpforms[fields][18]\" aria-errormessage=\"wpforms-32264-field_18-error\" ><\/div><div id=\"wpforms-32264-field_19-container\" class=\"wpforms-field wpforms-field-text wpforms-one-half\" data-field-id=\"19\"><label class=\"wpforms-field-label\" for=\"wpforms-32264-field_19\">Pays <span class=\"wpforms-required-label\" aria-hidden=\"true\">*<\/span><\/label><input type=\"text\" id=\"wpforms-32264-field_19\" class=\"wpforms-field-large wpforms-field-required\" name=\"wpforms[fields][19]\" aria-errormessage=\"wpforms-32264-field_19-error\" required><\/div><div id=\"wpforms-32264-field_20-container\" class=\"wpforms-field wpforms-field-checkbox\" data-field-id=\"20\"><fieldset><legend class=\"wpforms-field-label\">Pourquoi souhaitez-vous organiser une formation en pr\u00e9sentiel du MDP ? <span class=\"wpforms-required-label\" aria-hidden=\"true\">*<\/span><\/legend><ul id=\"wpforms-32264-field_20\" class=\"wpforms-field-required\"><li class=\"choice-1 depth-1\"><input type=\"checkbox\" id=\"wpforms-32264-field_20_1\" name=\"wpforms[fields][20][]\" value=\"D\u00e9veloppement minist\u00e9riel\" aria-errormessage=\"wpforms-32264-field_20_1-error\" aria-describedby=\"wpforms-32264-field_20-description\" required ><label class=\"wpforms-field-label-inline\" for=\"wpforms-32264-field_20_1\">D\u00e9veloppement minist\u00e9riel<\/label><\/li><li class=\"choice-2 depth-1\"><input type=\"checkbox\" id=\"wpforms-32264-field_20_2\" name=\"wpforms[fields][20][]\" value=\"R\u00e9pondre aux exigences de licence minist\u00e9rielle\" aria-errormessage=\"wpforms-32264-field_20_2-error\" aria-describedby=\"wpforms-32264-field_20-description\" required ><label class=\"wpforms-field-label-inline\" for=\"wpforms-32264-field_20_2\">R\u00e9pondre aux exigences de licence minist\u00e9rielle<\/label><\/li><li class=\"choice-3 depth-1\"><input type=\"checkbox\" id=\"wpforms-32264-field_20_3\" name=\"wpforms[fields][20][]\" value=\"Recevoir des heures de cr\u00e9dit pour le certificat en minist\u00e8re et \u00e9tudes th\u00e9ologiques de Spirit &amp; Life Seminary\" aria-errormessage=\"wpforms-32264-field_20_3-error\" aria-describedby=\"wpforms-32264-field_20-description\" required ><label class=\"wpforms-field-label-inline\" for=\"wpforms-32264-field_20_3\">Recevoir des heures de cr\u00e9dit pour le certificat en minist\u00e8re et \u00e9tudes th\u00e9ologiques de Spirit &amp; Life Seminary<\/label><\/li><\/ul><div id=\"wpforms-32264-field_20-description\" class=\"wpforms-field-description\">Veuillez s\u00e9lectionner tout ce qui s'applique.<\/div><\/fieldset><\/div><div id=\"wpforms-32264-field_21-container\" class=\"wpforms-field wpforms-field-text\" data-field-id=\"21\"><label class=\"wpforms-field-label\" for=\"wpforms-32264-field_21\">Informations sur l&#039;\u00e9v\u00eaque r\u00e9gional<\/label><input type=\"text\" id=\"wpforms-32264-field_21\" class=\"wpforms-field-large\" name=\"wpforms[fields][21]\" aria-errormessage=\"wpforms-32264-field_21-error\" aria-describedby=\"wpforms-32264-field_21-description\" ><div id=\"wpforms-32264-field_21-description\" class=\"wpforms-field-description\">REMARQUE : Votre \u00e9v\u00eaque r\u00e9gional doit \u00eatre inform\u00e9 que vous organisez une formation en pr\u00e9sentiel du MDP. En soumettant ce formulaire, un e-mail leur sera envoy\u00e9 pour les informer de vos projets.<\/div><\/div><div id=\"wpforms-32264-field_22-container\" class=\"wpforms-field wpforms-field-name\" data-field-id=\"22\"><fieldset><legend class=\"wpforms-field-label\">Nom de l&#039;\u00e9v\u00eaque <span class=\"wpforms-required-label\" aria-hidden=\"true\">*<\/span><\/legend><div class=\"wpforms-field-row wpforms-field-large\"><div class=\"wpforms-field-row-block wpforms-first wpforms-one-half\"><input type=\"text\" id=\"wpforms-32264-field_22\" class=\"wpforms-field-name-first wpforms-field-required\" name=\"wpforms[fields][22][first]\" aria-errormessage=\"wpforms-32264-field_22-error\" required><label for=\"wpforms-32264-field_22\" class=\"wpforms-field-sublabel after\">Pr\u00e9nom<\/label><\/div><div class=\"wpforms-field-row-block wpforms-one-half\"><input type=\"text\" id=\"wpforms-32264-field_22-last\" class=\"wpforms-field-name-last wpforms-field-required\" name=\"wpforms[fields][22][last]\" aria-errormessage=\"wpforms-32264-field_22-last-error\" required><label for=\"wpforms-32264-field_22-last\" class=\"wpforms-field-sublabel after\">Nom<\/label><\/div><\/div><\/fieldset><\/div><div id=\"wpforms-32264-field_23-container\" class=\"wpforms-field wpforms-field-email wpforms-one-half wpforms-first\" data-field-id=\"23\"><label class=\"wpforms-field-label\" for=\"wpforms-32264-field_23\">E-mail de l&#039;\u00e9v\u00eaque <span class=\"wpforms-required-label\" aria-hidden=\"true\">*<\/span><\/label><input type=\"email\" id=\"wpforms-32264-field_23\" class=\"wpforms-field-large wpforms-field-required\" name=\"wpforms[fields][23]\" spellcheck=\"false\" aria-errormessage=\"wpforms-32264-field_23-error\" required><\/div><div id=\"wpforms-32264-field_24-container\" class=\"wpforms-field wpforms-field-number wpforms-one-half wpforms-first\" data-field-id=\"24\"><label class=\"wpforms-field-label\" for=\"wpforms-32264-field_24\">Num\u00e9ro de t\u00e9l\u00e9phone<\/label><input type=\"number\" id=\"wpforms-32264-field_24\" class=\"wpforms-field-large\" name=\"wpforms[fields][24]\" step=\"any\" aria-errormessage=\"wpforms-32264-field_24-error\" ><\/div><div id=\"wpforms-32264-field_25-container\" class=\"wpforms-field wpforms-field-number wpforms-one-half\" data-field-id=\"25\"><label class=\"wpforms-field-label\" for=\"wpforms-32264-field_25\">Num\u00e9ro WhatsApp<\/label><input type=\"number\" id=\"wpforms-32264-field_25\" class=\"wpforms-field-large\" name=\"wpforms[fields][25]\" step=\"any\" aria-errormessage=\"wpforms-32264-field_25-error\" ><\/div><div id=\"wpforms-32264-field_26-container\" class=\"wpforms-field wpforms-field-text\" data-field-id=\"26\"><label class=\"wpforms-field-label\" for=\"wpforms-32264-field_26\">R\u00e9gion de l&#039;\u00e9v\u00eaque r\u00e9gional <span class=\"wpforms-required-label\" aria-hidden=\"true\">*<\/span><\/label><input type=\"text\" id=\"wpforms-32264-field_26\" class=\"wpforms-field-large wpforms-field-required\" name=\"wpforms[fields][26]\" aria-errormessage=\"wpforms-32264-field_26-error\" required><\/div><\/div><!-- .wpforms-field-container --><div class=\"wpforms-submit-container\" ><input type=\"hidden\" name=\"wpforms[id]\" value=\"32264\"><input type=\"hidden\" name=\"page_title\" value=\"\"><input type=\"hidden\" name=\"page_url\" value=\"https:\/\/lddtraining.com\/fr\/wp-json\/wp\/v2\/pages\/32268\"><input type=\"hidden\" name=\"url_referer\" value=\"\"><button type=\"submit\" name=\"wpforms[submit]\" id=\"wpforms-submit-32264\" class=\"wpforms-submit\" data-alt-text=\"Envoi en cours...\" data-submit-text=\"Soumettre\" aria-live=\"assertive\" value=\"wpforms-submit\">Soumettre<\/button><img decoding=\"async\" src=\"https:\/\/lddtraining.com\/wp-content\/plugins\/wpforms\/assets\/images\/submit-spin.svg\" class=\"wpforms-submit-spinner\" style=\"display: none;\" width=\"26\" height=\"26\" alt=\"Chargement en cours\"><\/div><\/form><\/div>  <!-- .wpforms-container -->\t\t\t\t<\/div>\n\t\t\t\t<\/div>\n\t\t\t\t<div class=\"elementor-element elementor-element-b824378 elementor-widget elementor-widget-text-editor\" data-id=\"b824378\" data-element_type=\"widget\" data-e-type=\"widget\" data-widget_type=\"text-editor.default\">\n\t\t\t\t<div class=\"elementor-widget-container\">\n\t\t\t\t\t\t\t\t\t<p><strong>REMARQUE : Lors du choix de vos formateurs pour enseigner le programme Foundations: MDP, veuillez garder ces informations \u00e0 l&rsquo;esprit.<\/strong><\/p><ul><li>Si les participants souhaitent obtenir des heures de cr\u00e9dit pour Spirit &amp; Life Seminary :<br \/>\u00a0Le formateur du cours doit avoir un dipl\u00f4me de master ou plus dans un domaine li\u00e9 au cours \u00e9tudi\u00e9 (th\u00e9ologie, minist\u00e8re, leadership, \u00e9ducation, etc.)<\/li><li>L&rsquo;h\u00f4te peut utiliser un formateur qui n&rsquo;a pas les dipl\u00f4mes requis pour cinq des sept le\u00e7ons.<\/li><li>Si vous souhaitez utiliser un formateur v\u00e9rifi\u00e9 par LDD, veuillez en faire la demande en envoyant un e-mail \u00e0 ldd@cogop.org.<\/li><li>Lorsque l&rsquo;h\u00f4te re\u00e7oit les mat\u00e9riaux de cours du bureau de LDD, il peut les partager avec les formateurs choisis pour enseigner la formation en pr\u00e9sentiel. Veuillez ne pas leur demander de partager les mat\u00e9riaux avec d&rsquo;autres personnes.<\/li><\/ul><p><strong>Reconnaissance<\/strong><\/p><p>Apr\u00e8s avoir soumis ce formulaire, vous recevrez une notification de soumission. Dans les 48 heures, vous recevrez un e-mail de notre bureau LDD pour discuter plus en d\u00e9tail de votre formation en pr\u00e9sentiel du programme Foundations: MDP.<\/p>\t\t\t\t\t\t\t\t<\/div>\n\t\t\t\t<\/div>\n\t\t\t\t\t<\/div>\n\t\t<\/div>\n\t\t\t\t\t<\/div>\n\t\t<\/section>\n\t\t\t\t<\/div>\n\t\t","protected":false},"excerpt":{"rendered":"<p>Voulez-vous organiser une formation en pr\u00e9sentiel dans votre r\u00e9gion ?Si vous \u00eates int\u00e9ress\u00e9 \u00e0 organiser une formation en pr\u00e9sentiel du programme Foundations: Minister&rsquo;s Development Program&hellip;<\/p>\n","protected":false},"author":2,"featured_media":0,"parent":0,"menu_order":0,"comment_status":"closed","ping_status":"closed","template":"","meta":{"footnotes":""},"class_list":["post-32268","page","type-page","status-publish","hentry"],"_links":{"self":[{"href":"https:\/\/lddtraining.com\/fr\/wp-json\/wp\/v2\/pages\/32268","targetHints":{"allow":["GET"]}}],"collection":[{"href":"https:\/\/lddtraining.com\/fr\/wp-json\/wp\/v2\/pages"}],"about":[{"href":"https:\/\/lddtraining.com\/fr\/wp-json\/wp\/v2\/types\/page"}],"author":[{"embeddable":true,"href":"https:\/\/lddtraining.com\/fr\/wp-json\/wp\/v2\/users\/2"}],"replies":[{"embeddable":true,"href":"https:\/\/lddtraining.com\/fr\/wp-json\/wp\/v2\/comments?post=32268"}],"version-history":[{"count":0,"href":"https:\/\/lddtraining.com\/fr\/wp-json\/wp\/v2\/pages\/32268\/revisions"}],"wp:attachment":[{"href":"https:\/\/lddtraining.com\/fr\/wp-json\/wp\/v2\/media?parent=32268"}],"curies":[{"name":"wp","href":"https:\/\/api.w.org\/{rel}","templated":true}]}}