{"id":4216,"date":"2023-06-05T15:53:47","date_gmt":"2023-06-05T15:53:47","guid":{"rendered":"https:\/\/lddtraining.com\/terms-of-service\/"},"modified":"2023-08-23T18:26:02","modified_gmt":"2023-08-23T18:26:02","slug":"terms-of-service","status":"publish","type":"page","link":"https:\/\/lddtraining.com\/fr\/terms-of-service\/","title":{"rendered":"Conditions d&rsquo;utilisation"},"content":{"rendered":"\t\t<div data-elementor-type=\"wp-page\" data-elementor-id=\"4216\" class=\"elementor elementor-4216 elementor-1898\" data-elementor-post-type=\"page\">\n\t\t\t\t\t\t<section class=\"elementor-section elementor-top-section elementor-element elementor-element-51b9a6e elementor-section-boxed elementor-section-height-default elementor-section-height-default\" data-id=\"51b9a6e\" data-element_type=\"section\" data-e-type=\"section\">\n\t\t\t\t\t\t<div class=\"elementor-container elementor-column-gap-default\">\n\t\t\t\t\t<div class=\"elementor-column elementor-col-100 elementor-top-column elementor-element elementor-element-19cdac2\" data-id=\"19cdac2\" data-element_type=\"column\" data-e-type=\"column\">\n\t\t\t<div class=\"elementor-widget-wrap elementor-element-populated\">\n\t\t\t\t\t\t<div class=\"elementor-element elementor-element-57adb4e elementor-widget elementor-widget-text-editor\" data-id=\"57adb4e\" data-element_type=\"widget\" data-e-type=\"widget\" data-widget_type=\"text-editor.default\">\n\t\t\t\t<div class=\"elementor-widget-container\">\n\t\t\t\t\t\t\t\t\t<p>Nous nous sommes efforc\u00e9s de concevoir nos sites web de mani\u00e8re \u00e0 ce qu&rsquo;ils soient utiles et informatifs. Nous esp\u00e9rons y \u00eatre parvenus &#8211; et nous vous demandons de nous faire savoir si vous souhaitez des am\u00e9liorations ou des changements qui vous permettraient de trouver encore plus facilement les informations dont vous avez besoin et que vous souhaitez obtenir.<\/p><p><span style=\"color: var( --e-global-color-text ); font-family: var( --e-global-typography-text-font-family ), Sans-serif; font-weight: var( --e-global-typography-text-font-weight );\">Tout ce que nous vous demandons, c&rsquo;est d&rsquo;accepter de respecter les conditions g\u00e9n\u00e9rales suivantes. Prenez quelques minutes pour les lire, car en utilisant nos sites, vous les acceptez automatiquement. Naturellement, si vous n&rsquo;\u00eates pas d&rsquo;accord, n&rsquo;utilisez pas les sites. Nous nous r\u00e9servons le droit d&rsquo;apporter \u00e0 tout moment les modifications que nous jugeons n\u00e9cessaires. Nous vous invitons \u00e0 consulter r\u00e9guli\u00e8rement ces conditions pour prendre connaissance des changements \u00e9ventuels ! En continuant \u00e0 utiliser les sites web de l&rsquo;\u00c9glise de Dieu de la Proph\u00e9tie, vous acceptez ces changements.<\/span><\/p><p><strong>Restrictions on Use of Our Online Materials<\/strong><\/p><p>Tout le mat\u00e9riel contenu dans les sites web de l&rsquo;\u00c9glise de Dieu de la Proph\u00e9tie (\u00ab\u00a0Mat\u00e9riel en ligne\u00a0\u00bb) est la propri\u00e9t\u00e9 de l&rsquo;\u00c9glise de Dieu de la Proph\u00e9tie, qui en d\u00e9tient les droits d&rsquo;auteur. Toutes les marques commerciales, marques de service et noms commerciaux sont la propri\u00e9t\u00e9 de l&rsquo;\u00c9glise de Dieu de la Proph\u00e9tie. Aucun mat\u00e9riel en ligne de nos sites Web ne peut \u00eatre copi\u00e9, reproduit, republi\u00e9, t\u00e9l\u00e9charg\u00e9, post\u00e9, transmis ou distribu\u00e9 de quelque mani\u00e8re que ce soit, \u00e0 l&rsquo;exception du t\u00e9l\u00e9chargement d&rsquo;une copie du mat\u00e9riel sur un seul ordinateur pour votre usage personnel et non commercial, \u00e0 condition que vous 1) conserviez tous les avis de droits d&rsquo;auteur, de marques de commerce et de propri\u00e9t\u00e9, 2) ne soyez pas oblig\u00e9 d&rsquo;utiliser le mat\u00e9riel en ligne, 2) vous n&rsquo;apportiez aucune modification au mat\u00e9riel, 3) vous n&rsquo;utilisiez pas le mat\u00e9riel d&rsquo;une mani\u00e8re qui sugg\u00e8re une association avec l&rsquo;un de nos produits, services, \u00e9v\u00e9nements ou marques, et 4) vous ne t\u00e9l\u00e9chargiez pas des quantit\u00e9s de mat\u00e9riel vers une base de donn\u00e9es, un serveur ou un ordinateur personnel en vue d&rsquo;une r\u00e9utilisation \u00e0 des fins commerciales. Vous ne pouvez toutefois pas copier, reproduire, republier, t\u00e9l\u00e9charger, afficher, transmettre ou distribuer notre mat\u00e9riel en ligne de quelque mani\u00e8re que ce soit ou \u00e0 quelque fin que ce soit sans avoir obtenu au pr\u00e9alable notre autorisation \u00e9crite. Vous ne pouvez pas non plus ajouter, supprimer, d\u00e9former ou d\u00e9naturer tout contenu des sites de l&rsquo;\u00c9glise de Dieu de la Proph\u00e9tie. Il est interdit de tenter de modifier tout mat\u00e9riel en ligne ou de d\u00e9jouer ou contourner nos dispositifs de s\u00e9curit\u00e9.<\/p><p>Tout ce que vous t\u00e9l\u00e9chargez, tout logiciel, ainsi que tous les fichiers, toutes les images incorpor\u00e9es ou g\u00e9n\u00e9r\u00e9es par le logiciel, et toutes les donn\u00e9es qui l&rsquo;accompagnent, est consid\u00e9r\u00e9 comme vous \u00e9tant conc\u00e9d\u00e9 sous licence par Church of God of Prophecy ou par des tiers conc\u00e9dants de licence pour votre usage personnel et non commercial \u00e0 domicile uniquement. Nous ne vous transf\u00e9rons pas le titre de propri\u00e9t\u00e9 du logiciel. Cela signifie que nous conservons la propri\u00e9t\u00e9 pleine et enti\u00e8re du logiciel et de tous les droits de propri\u00e9t\u00e9 intellectuelle qui y sont associ\u00e9s. Vous n&rsquo;\u00eates pas autoris\u00e9 \u00e0 redistribuer ou \u00e0 vendre le mat\u00e9riel, ni \u00e0 faire de l&rsquo;ing\u00e9nierie inverse, \u00e0 le d\u00e9sassembler ou \u00e0 le convertir sous une autre forme utilisable par d&rsquo;autres personnes.<\/p><p><b>Nous soumettre votre mat\u00e9riel en ligne<\/b><\/p><p>Toutes les remarques, suggestions, id\u00e9es, graphiques, commentaires ou autres informations que vous envoyez \u00e0 Church of God of Prophecy par le biais de nos sites (autres que les informations que nous nous engageons \u00e0 prot\u00e9ger dans le cadre de notre politique de confidentialit\u00e9), deviennent et restent notre propri\u00e9t\u00e9, m\u00eame si cet accord est r\u00e9sili\u00e9 ult\u00e9rieurement.<\/p><p><span style=\"color: var( --e-global-color-text ); font-family: var( --e-global-typography-text-font-family ), Sans-serif; font-weight: var( --e-global-typography-text-font-weight );\">Cela signifie que ces soumissions ne sont pas trait\u00e9es comme confidentielles. Si nous les utilisons, ou des informations de nature similaire, nous ne sommes pas oblig\u00e9s de vous payer ou de payer quelqu&rsquo;un d&rsquo;autre pour cela. Nous aurons la propri\u00e9t\u00e9 exclusive de tous les droits pr\u00e9sents et futurs sur les soumissions de toute nature. Nous pouvons les utiliser \u00e0 toute fin que nous jugeons appropri\u00e9e \u00e0 la mission de l&rsquo;\u00c9glise de Dieu de la Proph\u00e9tie, sans vous r\u00e9mun\u00e9rer ou r\u00e9mun\u00e9rer qui que ce soit d&rsquo;autre.<\/span><\/p><p><span style=\"color: var( --e-global-color-text ); font-family: var( --e-global-typography-text-font-family ), Sans-serif; font-weight: var( --e-global-typography-text-font-weight );\">Vous reconnaissez que vous \u00eates responsable de toute soumission que vous faites. Cela signifie que c&rsquo;est vous (et non nous) qui \u00eates enti\u00e8rement responsable du message, y compris de sa l\u00e9galit\u00e9, de sa fiabilit\u00e9, de sa pertinence, de son originalit\u00e9 et de ses droits d&rsquo;auteur.<\/span><\/p><p><b>Limitation de la responsabilit\u00e9<\/b><\/p><p>Church of God of Prophecy ne sera pas responsable des dommages ou blessures qui accompagnent ou r\u00e9sultent de votre utilisation de l&rsquo;un de ses sites.<\/p><p><span style=\"color: var( --e-global-color-text ); font-family: var( --e-global-typography-text-font-family ), Sans-serif; font-weight: var( --e-global-typography-text-font-weight );\">Ceci inclut (mais n&rsquo;est pas limit\u00e9 \u00e0) les dommages ou blessures caus\u00e9s par tout :<\/span><\/p><p><span style=\"color: var( --e-global-color-text ); font-family: var( --e-global-typography-text-font-family ), Sans-serif; font-weight: var( --e-global-typography-text-font-weight );\">l&rsquo;utilisation (ou l&rsquo;incapacit\u00e9 d&rsquo;utilisation) des sites<\/span><\/p><p>l&rsquo;utilisation (ou l&rsquo;incapacit\u00e9 d&rsquo;utilisation) de tout site vers lequel vous \u00e9tablissez un lien hypertexte \u00e0 partir de nos sites<\/p><p>l&rsquo;incapacit\u00e9 de nos sites \u00e0 fonctionner de la mani\u00e8re que vous attendiez ou souhaitiez<\/p><p>Erreur ou omission sur nos sites<\/p><p>Interruption de la disponibilit\u00e9 de nos sites<\/p><p>D\u00e9faut sur nos sites<\/p><p>retard dans le fonctionnement ou la transmission de nos sites<\/p><p>Virus informatique ou panne de ligne<\/p><p>Veuillez noter que nous ne sommes pas responsables des dommages, y compris, mais sans s&rsquo;y limiter :<\/p><p>les dommages destin\u00e9s \u00e0 indemniser directement une personne pour une perte ou un pr\u00e9judice<\/p><p>les dommages raisonnablement attendus d&rsquo;une perte ou d&rsquo;une blessure (connus en termes juridiques sous le nom de \u00ab\u00a0dommages cons\u00e9cutifs\u00a0\u00bb)<\/p><p>Autres dommages et d\u00e9penses divers r\u00e9sultant directement d&rsquo;une perte ou d&rsquo;une blessure (connus en termes juridiques sous le nom de \u00ab\u00a0dommages accessoires\u00a0\u00bb).<\/p><p>Nous ne sommes pas responsables m\u00eame si nous avons \u00e9t\u00e9 n\u00e9gligents ou si notre repr\u00e9sentant autoris\u00e9 a \u00e9t\u00e9 inform\u00e9 de la possibilit\u00e9 de tels dommages, ou les deux.<\/p><p>Exception : La l\u00e9gislation de certains \u00c9tats ne nous permet pas de limiter ou d&rsquo;exclure notre responsabilit\u00e9 pour ces dommages \u00ab\u00a0accessoires\u00a0\u00bb ou \u00ab\u00a0cons\u00e9cutifs\u00a0\u00bb. Si vous vivez dans l&rsquo;un de ces \u00c9tats, la limitation ci-dessus ne s&rsquo;applique pas, ce qui signifie que vous pourriez avoir le droit de recouvrer ces types de dommages. Toutefois, en tout \u00e9tat de cause, notre responsabilit\u00e9 envers vous pour l&rsquo;ensemble des pertes, dommages, blessures et r\u00e9clamations de toute nature (que les dommages soient r\u00e9clam\u00e9s en vertu des termes d&rsquo;un contrat, ou qu&rsquo;ils soient r\u00e9clam\u00e9s en raison d&rsquo;une n\u00e9gligence ou d&rsquo;une autre conduite fautive, ou qu&rsquo;ils soient r\u00e9clam\u00e9s en vertu de toute autre th\u00e9orie juridique) ne sera pas sup\u00e9rieure au montant que vous avez pay\u00e9 pour acc\u00e9der \u00e0 nos sites.<\/p><p><strong><span style=\"color: var( --e-global-color-text ); font-family: var( --e-global-typography-text-font-family ), Sans-serif;\">Liens vers d&rsquo;autres sites<\/span><\/strong><\/p><p><span style=\"color: var( --e-global-color-text ); font-family: var( --e-global-typography-text-font-family ), Sans-serif; font-weight: var( --e-global-typography-text-font-weight );\">Nous fournissons parfois des r\u00e9f\u00e9rences et des liens vers d&rsquo;autres sites Internet \u00e0 partir de nos sites. Un tel lien ne doit pas \u00eatre consid\u00e9r\u00e9 comme une approbation ou un accord avec les informations ou les ressources propos\u00e9es sur les sites auxquels vous pouvez acc\u00e9der par l&rsquo;interm\u00e9diaire de nos sites. En cas de doute, v\u00e9rifiez toujours l&rsquo;adresse URL (Uniform Resource Locator) fournie dans votre navigateur WWW pour voir si vous \u00eates toujours sur un site g\u00e9r\u00e9 par Church of God of Prophecy ou si vous \u00eates pass\u00e9 \u00e0 un autre site. Church of God of Prophecy n&rsquo;est pas responsable du contenu ou des pratiques des sites tiers qui peuvent \u00eatre li\u00e9s \u00e0 nos sites. Lorsque Church of God of Prophecy fournit des liens ou des r\u00e9f\u00e9rences \u00e0 d&rsquo;autres sites Internet, aucune d\u00e9duction ou hypoth\u00e8se ne doit \u00eatre faite et aucune repr\u00e9sentation ne doit \u00eatre d\u00e9duite que Church of God of Prophecy est li\u00e9e \u00e0 ces sites Internet, qu&rsquo;elle les exploite ou qu&rsquo;elle les contr\u00f4le. Tout lien approuv\u00e9 ne doit pas repr\u00e9senter de quelque mani\u00e8re que ce soit, explicitement ou implicitement, que vous avez re\u00e7u l&rsquo;approbation, le parrainage ou le soutien de tout site de Church of God of Prophecy ou l&rsquo;approbation, le parrainage ou le soutien du minist\u00e8re de Church of God of Prophecy, y compris de ses employ\u00e9s, agents ou directeurs respectifs.<\/span><\/p><p><strong><span style=\"color: var( --e-global-color-text ); font-family: var( --e-global-typography-text-font-family ), Sans-serif;\">R\u00e9siliation du pr\u00e9sent accord<\/span><\/strong><\/p><p><span style=\"color: var( --e-global-color-text ); font-family: var( --e-global-typography-text-font-family ), Sans-serif; font-weight: var( --e-global-typography-text-font-weight );\">Cet accord est effectif jusqu&rsquo;\u00e0 ce qu&rsquo;il soit r\u00e9sili\u00e9 par l&rsquo;une ou l&rsquo;autre des parties. Vous pouvez r\u00e9silier cet accord \u00e0 tout moment, en d\u00e9truisant tout le mat\u00e9riel obtenu sur les sites Web de Church of God of Prophecy, ainsi que toute la documentation connexe et toutes les copies et installations. Church of God of Prophecy peut r\u00e9silier cet accord \u00e0 tout moment et sans pr\u00e9avis si, \u00e0 son seul avis, vous ne respectez pas l&rsquo;un des termes ou l&rsquo;une des conditions de cet accord. En cas de r\u00e9siliation, vous devez d\u00e9truire tout le mat\u00e9riel. En outre, en fournissant du mat\u00e9riel sur nos sites Web, nous ne promettons en aucune fa\u00e7on que ce mat\u00e9riel restera \u00e0 votre disposition. L&rsquo;\u00c9glise de Dieu de la Proph\u00e9tie a le droit de mettre fin \u00e0 tout ou partie de ses sites Web sans pr\u00e9avis.<\/span><\/p><p><strong><span style=\"color: var( --e-global-color-text ); font-family: var( --e-global-typography-text-font-family ), Sans-serif;\">Juridiction et autres points \u00e0 consid\u00e9rer<\/span><\/strong><\/p><p><span style=\"color: var( --e-global-color-text ); font-family: var( --e-global-typography-text-font-family ), Sans-serif; font-weight: var( --e-global-typography-text-font-weight );\">Sauf indication contraire, le mat\u00e9riel en ligne sur nos sites est pr\u00e9sent\u00e9 pour fournir des informations sur les ressources de Church of God of Prophecy. Le minist\u00e8re de l&rsquo;\u00c9glise de Dieu de la Proph\u00e9tie a \u00e9t\u00e9 organis\u00e9 selon les lois du Tennessee, aux \u00c9tats-Unis d&rsquo;Am\u00e9rique. Si vous utilisez nos sites \u00e0 partir d&rsquo;endroits situ\u00e9s en dehors des \u00c9tats-Unis, vous \u00eates responsable du respect de toutes les lois applicables. Ces conditions d&rsquo;utilisation, et l&rsquo;accord qu&rsquo;elles cr\u00e9ent, seront r\u00e9gies et interpr\u00e9t\u00e9es conform\u00e9ment aux lois de l&rsquo;\u00c9tat du Tennessee (sans appliquer les principes de conflit de lois de l&rsquo;\u00c9tat). Si une disposition de cet accord est ill\u00e9gale, nulle ou inapplicable, elle n&rsquo;affectera pas la validit\u00e9 et l&rsquo;applicabilit\u00e9 des dispositions restantes. Church of God of Prophecy peut modifier ces conditions d&rsquo;utilisation, et l&rsquo;accord qu&rsquo;elles cr\u00e9ent, \u00e0 tout moment, simplement en mettant \u00e0 jour cette publication et sans vous en avertir. Il s&rsquo;agit de l&rsquo;int\u00e9gralit\u00e9 de l&rsquo;accord concernant toutes les questions \u00e9num\u00e9r\u00e9es.\u00a0<\/span><\/p>\t\t\t\t\t\t\t\t<\/div>\n\t\t\t\t<\/div>\n\t\t\t\t\t<\/div>\n\t\t<\/div>\n\t\t\t\t\t<\/div>\n\t\t<\/section>\n\t\t\t\t<\/div>\n\t\t","protected":false},"excerpt":{"rendered":"<p>Nous nous sommes efforc\u00e9s de concevoir nos sites web de mani\u00e8re \u00e0 ce qu&rsquo;ils soient utiles et informatifs. Nous esp\u00e9rons y \u00eatre parvenus &#8211; et&hellip;<\/p>\n","protected":false},"author":2,"featured_media":0,"parent":0,"menu_order":0,"comment_status":"closed","ping_status":"closed","template":"","meta":{"footnotes":""},"class_list":["post-4216","page","type-page","status-publish","hentry"],"_links":{"self":[{"href":"https:\/\/lddtraining.com\/fr\/wp-json\/wp\/v2\/pages\/4216","targetHints":{"allow":["GET"]}}],"collection":[{"href":"https:\/\/lddtraining.com\/fr\/wp-json\/wp\/v2\/pages"}],"about":[{"href":"https:\/\/lddtraining.com\/fr\/wp-json\/wp\/v2\/types\/page"}],"author":[{"embeddable":true,"href":"https:\/\/lddtraining.com\/fr\/wp-json\/wp\/v2\/users\/2"}],"replies":[{"embeddable":true,"href":"https:\/\/lddtraining.com\/fr\/wp-json\/wp\/v2\/comments?post=4216"}],"version-history":[{"count":0,"href":"https:\/\/lddtraining.com\/fr\/wp-json\/wp\/v2\/pages\/4216\/revisions"}],"wp:attachment":[{"href":"https:\/\/lddtraining.com\/fr\/wp-json\/wp\/v2\/media?parent=4216"}],"curies":[{"name":"wp","href":"https:\/\/api.w.org\/{rel}","templated":true}]}}