{"id":4395,"date":"2023-06-16T15:43:57","date_gmt":"2023-06-16T15:43:57","guid":{"rendered":"https:\/\/lddtraining.com\/dashboard\/"},"modified":"2024-07-26T15:25:29","modified_gmt":"2024-07-26T15:25:29","slug":"tableau-de-bord","status":"publish","type":"page","link":"https:\/\/lddtraining.com\/fr\/tableau-de-bord\/","title":{"rendered":"Tableau de bord"},"content":{"rendered":"\t\t<div data-elementor-type=\"wp-page\" data-elementor-id=\"4395\" class=\"elementor elementor-4395 elementor-2357\" data-elementor-post-type=\"page\">\n\t\t\t\t\t\t<section class=\"elementor-section elementor-top-section elementor-element elementor-element-c6582fd elementor-section-boxed elementor-section-height-default elementor-section-height-default\" data-id=\"c6582fd\" data-element_type=\"section\" data-e-type=\"section\">\n\t\t\t\t\t\t<div class=\"elementor-container elementor-column-gap-default\">\n\t\t\t\t\t<div class=\"elementor-column elementor-col-50 elementor-top-column elementor-element elementor-element-4dd689b\" data-id=\"4dd689b\" data-element_type=\"column\" data-e-type=\"column\">\n\t\t\t<div class=\"elementor-widget-wrap elementor-element-populated\">\n\t\t\t\t\t\t\t<\/div>\n\t\t<\/div>\n\t\t\t\t<div class=\"elementor-column elementor-col-50 elementor-top-column elementor-element elementor-element-0c566c0\" data-id=\"0c566c0\" data-element_type=\"column\" data-e-type=\"column\">\n\t\t\t<div class=\"elementor-widget-wrap elementor-element-populated\">\n\t\t\t\t\t\t\t<\/div>\n\t\t<\/div>\n\t\t\t\t\t<\/div>\n\t\t<\/section>\n\t\t\t\t<section class=\"elementor-section elementor-top-section elementor-element elementor-element-f919fca elementor-section-boxed elementor-section-height-default elementor-section-height-default\" data-id=\"f919fca\" data-element_type=\"section\" data-e-type=\"section\">\n\t\t\t\t\t\t<div class=\"elementor-container elementor-column-gap-default\">\n\t\t\t\t\t<div class=\"elementor-column elementor-col-100 elementor-top-column elementor-element elementor-element-44c1434\" data-id=\"44c1434\" data-element_type=\"column\" data-e-type=\"column\">\n\t\t\t<div class=\"elementor-widget-wrap elementor-element-populated\">\n\t\t\t\t\t\t<div class=\"elementor-element elementor-element-be1a6d1 elementor-cta--dash-grid-above elementor-widget elementor-widget-bbp-dashboard-grid\" data-id=\"be1a6d1\" data-element_type=\"widget\" data-e-type=\"widget\" data-widget_type=\"bbp-dashboard-grid.default\">\n\t\t\t\t<div class=\"elementor-widget-container\">\n\t\t\t\t\t\n\t\t<div class=\"bb-dash-grid\">\n\t\t\t<div class=\"bb-dash-grid__frame bb-dash-grid__cols-4 flex flex-wrap\">\n\n\t\t\t\n\t\t\t\n\t\t\t\t\t\t\t\n\t\t\t\t\n\t\t\t\t\t<div class=\"bb-dash-grid__block bb-dash-grid__sep\">\n\n\t\t\t\t\t\t<a class=\"bb-dash-grid__link\" href=\"https:\/\/lddtraining.com\/fr\/cours\/\" target=\"\" rel=\"\">\t\t\t\t\t\t\n\t\t\t\t\t\t\t<div class=\"bb-dash-grid__inner is-sep\" data-balloon-pos=\"up\"data-balloon=\"D\u00e9but aujourd'hui\">\t\n\n\t\t\t\t\t\t\t\t\t\t\t\t\t\t\t\t\t<div class=\"bb-dash-grid__image square\">\n\t\t\t\t\t\t\t\t\t\t<img decoding=\"async\" src=\"https:\/\/lddtraining.com\/wp-content\/uploads\/2023\/06\/bb-dash-icon-01-courses-300x300.png\" alt=\"Cours\" \/>\t\t\t\t\t\t\t\t\t<\/div>\n\t\t\t\t\t\t\t\t\t\t\t\t\t\t\t\t<div class=\"bb-dash-grid__body\">\n\t\t\t\t\t\t\t\t\t<div class=\"bb-dash-grid__title\">\n\t\t\t\t\t\t\t\t\t\t\t\t\t\t\t\t\t\t\t\t\t<h2>Cours<\/h2>\n\t\t\t\t\t\t\t\t\t\t\t\t\t\t\t\t\t\t\t<\/div>\n\t\t\t\t\t\t\t\t\t\t\t\t\t\t\t\t\t\t\t<div class=\"bb-dash-grid__info\">\n\t\t\t\t\t\t\t\t\t\t\t<p><p>D\u00e9veloppez vos comp\u00e9tences gr\u00e2ce \u00e0 nos cours en ligne et commencez \u00e0 apprendre d\u00e8s aujourd'hui !<\/p><\/p>\n\t\t\t\t\t\t\t\t\t\t<\/div>\n\t\t\t\t\t\t\t\t\t\t\t\t\t\t\t\t\t\t\t\t\t\t\t\t\t\t\t\t<span class=\"bb-dash-grid__ico\"><i class=\"bb-icon-l bb-icon-angle-right\"><\/i><\/span>\n\t\t\t\t\t\t\t\t\t\t\t\t\t\t\t\t\t<\/div>\n\n\t\t\t\t\t\t\t<\/div>\n\n\t\t\t\t\t\t<\/a>\n\t\t\t\t\t<\/div>\n\n\t\t\t\t\t\t\t\t\t\t\t\n\t\t\t\t\n\t\t\t\t\t<div class=\"bb-dash-grid__block bb-dash-grid__sep\">\n\n\t\t\t\t\t\t\t\t\t\t\t\t\n\t\t\t\t\t\t\t<div class=\"bb-dash-grid__inner is-sep\" data-balloon-pos=\"up\"data-balloon=\"Prochainement\">\t\n\n\t\t\t\t\t\t\t\t\t\t\t\t\t\t\t\t\t<div class=\"bb-dash-grid__image square\">\n\t\t\t\t\t\t\t\t\t\t<img decoding=\"async\" src=\"https:\/\/lddtraining.com\/wp-content\/uploads\/2023\/06\/bb-dash-icon-03-members-300x300.png\" alt=\"Groupes d'\u00e9tude\" \/>\t\t\t\t\t\t\t\t\t<\/div>\n\t\t\t\t\t\t\t\t\t\t\t\t\t\t\t\t<div class=\"bb-dash-grid__body\">\n\t\t\t\t\t\t\t\t\t<div class=\"bb-dash-grid__title\">\n\t\t\t\t\t\t\t\t\t\t\t\t\t\t\t\t\t\t\t\t\t<h2>Groupes d'\u00e9tude<\/h2>\n\t\t\t\t\t\t\t\t\t\t\t\t\t\t\t\t\t\t\t<\/div>\n\t\t\t\t\t\t\t\t\t\t\t\t\t\t\t\t\t\t\t<div class=\"bb-dash-grid__info\">\n\t\t\t\t\t\t\t\t\t\t\t<p><p>Formez un groupe d'\u00e9tude avec des personnes de votre r\u00e9gion tout en suivant les m\u00eames cours ensemble.<\/p><\/p>\n\t\t\t\t\t\t\t\t\t\t<\/div>\n\t\t\t\t\t\t\t\t\t\t\t\t\t\t\t\t\t\t\t\t\t\t\t\t\t\t\t\t<span class=\"bb-dash-grid__ico\"><i class=\"bb-icon-l bb-icon-angle-right\"><\/i><\/span>\n\t\t\t\t\t\t\t\t\t\t\t\t\t\t\t\t\t<\/div>\n\n\t\t\t\t\t\t\t<\/div>\n\n\t\t\t\t\t\t\n\t\t\t\t\t<\/div>\n\n\t\t\t\t\t\t\t\t\t\t\t\n\t\t\t\t\n\t\t\t\t\t<div class=\"bb-dash-grid__block bb-dash-grid__sep\">\n\n\t\t\t\t\t\t<a class=\"bb-dash-grid__link\" href=\"https:\/\/lddtraining.com\/fr\/formulaires\/\" target=\"\" rel=\"\">\t\t\t\t\t\t\n\t\t\t\t\t\t\t<div class=\"bb-dash-grid__inner is-sep\" >\t\n\n\t\t\t\t\t\t\t\t\t\t\t\t\t\t\t\t\t<div class=\"bb-dash-grid__image square\">\n\t\t\t\t\t\t\t\t\t\t<img decoding=\"async\" src=\"https:\/\/lddtraining.com\/wp-content\/uploads\/2024\/02\/form-icon.png\" alt=\"Formulaires\" \/>\t\t\t\t\t\t\t\t\t<\/div>\n\t\t\t\t\t\t\t\t\t\t\t\t\t\t\t\t<div class=\"bb-dash-grid__body\">\n\t\t\t\t\t\t\t\t\t<div class=\"bb-dash-grid__title\">\n\t\t\t\t\t\t\t\t\t\t\t\t\t\t\t\t\t\t\t\t\t<h2>Formulaires<\/h2>\n\t\t\t\t\t\t\t\t\t\t\t\t\t\t\t\t\t\t\t<\/div>\n\t\t\t\t\t\t\t\t\t\t\t\t\t\t\t\t\t\t\t<div class=\"bb-dash-grid__info\">\n\t\t\t\t\t\t\t\t\t\t\t<p><p>Veuillez consulter les formulaires ici si vous avez suivi le programme Foundations : MDP ou si vous souhaitez transf\u00e9rer vos cr\u00e9dits.<\/p><\/p>\n\t\t\t\t\t\t\t\t\t\t<\/div>\n\t\t\t\t\t\t\t\t\t\t\t\t\t\t\t\t\t\t\t\t\t\t\t\t\t\t\t\t<span class=\"bb-dash-grid__ico\"><i class=\"bb-icon-l bb-icon-angle-right\"><\/i><\/span>\n\t\t\t\t\t\t\t\t\t\t\t\t\t\t\t\t\t<\/div>\n\n\t\t\t\t\t\t\t<\/div>\n\n\t\t\t\t\t\t<\/a>\n\t\t\t\t\t<\/div>\n\n\t\t\t\t\t\t\t\t\t\t\t\n\t\t\t\t\n\t\t\t\t\t<div class=\"bb-dash-grid__block bb-dash-grid__sep\">\n\n\t\t\t\t\t\t<a class=\"bb-dash-grid__link\" href=\"https:\/\/lddtraining.com\/fr\/formulaire-en-presentiel\/\" target=\"\" rel=\"\">\t\t\t\t\t\t\n\t\t\t\t\t\t\t<div class=\"bb-dash-grid__inner is-sep\" >\t\n\n\t\t\t\t\t\t\t\t\t\t\t\t\t\t\t\t\t<div class=\"bb-dash-grid__image square\">\n\t\t\t\t\t\t\t\t\t\t<img decoding=\"async\" src=\"https:\/\/lddtraining.com\/wp-content\/uploads\/2024\/07\/onsite.png\" alt=\"Cheminement en pr\u00e9sentiel\" \/>\t\t\t\t\t\t\t\t\t<\/div>\n\t\t\t\t\t\t\t\t\t\t\t\t\t\t\t\t<div class=\"bb-dash-grid__body\">\n\t\t\t\t\t\t\t\t\t<div class=\"bb-dash-grid__title\">\n\t\t\t\t\t\t\t\t\t\t\t\t\t\t\t\t\t\t\t\t\t<h2>Cheminement en pr\u00e9sentiel<\/h2>\n\t\t\t\t\t\t\t\t\t\t\t\t\t\t\t\t\t\t\t<\/div>\n\t\t\t\t\t\t\t\t\t\t\t\t\t\t\t\t\t\t\t<div class=\"bb-dash-grid__info\">\n\t\t\t\t\t\t\t\t\t\t\t<p><p>Vous souhaitez organiser une formation en pr\u00e9sentiel dans votre r\u00e9gion ? Veuillez remplir ce formulaire.<\/p><\/p>\n\t\t\t\t\t\t\t\t\t\t<\/div>\n\t\t\t\t\t\t\t\t\t\t\t\t\t\t\t\t\t\t\t\t\t\t\t\t\t\t\t\t<span class=\"bb-dash-grid__ico\"><i class=\"bb-icon-l bb-icon-angle-right\"><\/i><\/span>\n\t\t\t\t\t\t\t\t\t\t\t\t\t\t\t\t\t<\/div>\n\n\t\t\t\t\t\t\t<\/div>\n\n\t\t\t\t\t\t<\/a>\n\t\t\t\t\t<\/div>\n\n\t\t\t\t\t\t\t\t\t\t<\/div>\n\t\t<\/div>\n\n\t\t\t\t\t\t<\/div>\n\t\t\t\t<\/div>\n\t\t\t\t\t<\/div>\n\t\t<\/div>\n\t\t\t\t\t<\/div>\n\t\t<\/section>\n\t\t\t\t<section class=\"elementor-section elementor-top-section elementor-element elementor-element-49fecd2 elementor-section-boxed elementor-section-height-default elementor-section-height-default\" data-id=\"49fecd2\" data-element_type=\"section\" data-e-type=\"section\">\n\t\t\t\t\t\t<div class=\"elementor-container elementor-column-gap-default\">\n\t\t\t\t\t<div class=\"elementor-column elementor-col-50 elementor-top-column elementor-element elementor-element-a3592d0\" data-id=\"a3592d0\" data-element_type=\"column\" data-e-type=\"column\">\n\t\t\t<div class=\"elementor-widget-wrap elementor-element-populated\">\n\t\t\t\t\t\t<div class=\"elementor-element elementor-element-74636cf elementor-cta--ldprogress-left elementor-widget elementor-widget-ld-activity\" data-id=\"74636cf\" data-element_type=\"widget\" data-e-type=\"widget\" data-widget_type=\"ld-activity.default\">\n\t\t\t\t<div class=\"elementor-widget-container\">\n\t\t\t\t\t\n\n<div dir=\"ltr\" class=\"bb-ldactivity \">\n    \n\n                <div class=\"bb-ldactivity__blank\">\n                <div class=\"bb-no-data bb-no-data--ld-activity\">\n                    <img decoding=\"async\" class=\"bb-no-data__image\" src=\"https:\/\/lddtraining.com\/wp-content\/themes\/buddyboss-theme\/assets\/images\/svg\/dfy-no-data-icon04.svg\" alt=\"Learndash Activity\" \/>\n                                            <div class=\"bb-no-data__msg\">You are not logged in.<\/div>\n                                                                                            <a href=\"#\" class=\"bb-no-data__link\">\n                                                    Prochainement                        <\/a>\n                                    <\/div>\n            <\/div>\n    \n<\/div>\t\t\t\t<\/div>\n\t\t\t\t<\/div>\n\t\t\t\t\t<\/div>\n\t\t<\/div>\n\t\t\t\t<div class=\"elementor-column elementor-col-50 elementor-top-column elementor-element elementor-element-8e3acc1\" data-id=\"8e3acc1\" data-element_type=\"column\" data-e-type=\"column\">\n\t\t\t<div class=\"elementor-widget-wrap elementor-element-populated\">\n\t\t\t\t\t\t<div class=\"elementor-element elementor-element-696ff09 elementor-alert-warning elementor-widget elementor-widget-alert\" data-id=\"696ff09\" data-element_type=\"widget\" data-e-type=\"widget\" data-widget_type=\"alert.default\">\n\t\t\t\t<div class=\"elementor-widget-container\">\n\t\t\t\t\t\t\t<div class=\"elementor-alert\" role=\"alert\">\n\n\t\t\t\t\t\t<span class=\"elementor-alert-title\">Profil complet pour les mises \u00e0 jour importantes.<\/span>\n\t\t\t\n\t\t\t\t\t\t<span class=\"elementor-alert-description\">Veuillez compl\u00e9ter votre profil pour obtenir des mises \u00e0 jour pr\u00e9cises sur les cours et les promotions. Remplissez toutes les informations requises pour vous assurer de recevoir les bulletins d'information. V\u00e9rifiez la barre verte en haut de la page pour suivre votre progression. \n<hr>\n<small style=\"opacity: 0.8\">Avis important<\/small><\/span>\n\t\t\t\n\t\t\t\t\t\t<button type=\"button\" class=\"elementor-alert-dismiss\" aria-label=\"Ignorer cette alerte.\">\n\t\t\t\t<i aria-hidden=\"true\" class=\"far fa-times-circle\"><\/i>\t\t\t<\/button>\n\t\t\t\n\t\t<\/div>\n\t\t\t\t\t\t<\/div>\n\t\t\t\t<\/div>\n\t\t\t\t\t<\/div>\n\t\t<\/div>\n\t\t\t\t\t<\/div>\n\t\t<\/section>\n\t\t\t\t<\/div>\n\t\t","protected":false},"excerpt":{"rendered":"<p>Bonjour, LDD Num\u00e9ro d&rsquo;identification de l&rsquo;\u00e9tudiant : Compl\u00e9tez votre profil Compl\u00e9tez votre profil 70% Compl\u00e9ter Profil complet Details 13\/19 Profile Photo 1\/1 Cours D\u00e9veloppez vos&hellip;<\/p>\n","protected":false},"author":2,"featured_media":0,"parent":0,"menu_order":0,"comment_status":"closed","ping_status":"closed","template":"elementor_header_footer","meta":{"footnotes":""},"class_list":["post-4395","page","type-page","status-publish","hentry"],"_links":{"self":[{"href":"https:\/\/lddtraining.com\/fr\/wp-json\/wp\/v2\/pages\/4395","targetHints":{"allow":["GET"]}}],"collection":[{"href":"https:\/\/lddtraining.com\/fr\/wp-json\/wp\/v2\/pages"}],"about":[{"href":"https:\/\/lddtraining.com\/fr\/wp-json\/wp\/v2\/types\/page"}],"author":[{"embeddable":true,"href":"https:\/\/lddtraining.com\/fr\/wp-json\/wp\/v2\/users\/2"}],"replies":[{"embeddable":true,"href":"https:\/\/lddtraining.com\/fr\/wp-json\/wp\/v2\/comments?post=4395"}],"version-history":[{"count":0,"href":"https:\/\/lddtraining.com\/fr\/wp-json\/wp\/v2\/pages\/4395\/revisions"}],"wp:attachment":[{"href":"https:\/\/lddtraining.com\/fr\/wp-json\/wp\/v2\/media?parent=4395"}],"curies":[{"name":"wp","href":"https:\/\/api.w.org\/{rel}","templated":true}]}}