{"id":31215,"date":"2024-05-28T19:01:27","date_gmt":"2024-05-28T19:01:27","guid":{"rendered":"https:\/\/lddtraining.com\/cookie-policy\/"},"modified":"2024-05-29T18:43:04","modified_gmt":"2024-05-29T18:43:04","slug":"politica-de-cookies","status":"publish","type":"page","link":"https:\/\/lddtraining.com\/pt-br\/politica-de-cookies\/","title":{"rendered":"Pol\u00edtica de cookies"},"content":{"rendered":"\t\t<div data-elementor-type=\"wp-page\" data-elementor-id=\"31215\" class=\"elementor elementor-31215 elementor-31179\" data-elementor-post-type=\"page\">\n\t\t\t\t\t\t<section class=\"elementor-section elementor-top-section elementor-element elementor-element-b0dd867 elementor-section-full_width elementor-section-height-default elementor-section-height-default\" data-id=\"b0dd867\" data-element_type=\"section\" data-e-type=\"section\">\n\t\t\t\t\t\t<div class=\"elementor-container elementor-column-gap-default\">\n\t\t\t\t\t<div class=\"elementor-column elementor-col-100 elementor-top-column elementor-element elementor-element-7af563e\" data-id=\"7af563e\" data-element_type=\"column\" data-e-type=\"column\">\n\t\t\t<div class=\"elementor-widget-wrap elementor-element-populated\">\n\t\t\t\t\t\t<div class=\"elementor-element elementor-element-7c00a30 elementor-widget elementor-widget-text-editor\" data-id=\"7c00a30\" data-element_type=\"widget\" data-e-type=\"widget\" data-widget_type=\"text-editor.default\">\n\t\t\t\t<div class=\"elementor-widget-container\">\n\t\t\t\t\t\t\t\t\t<h2>O que s\u00e3o cookies?<\/h2><div class=\"cookie-policy-p\"><p>Esta Pol\u00edtica de Cookies explica o que s\u00e3o cookies e como os usamos, os tipos de cookies que usamos, ou seja, as informa\u00e7\u00f5es que coletamos usando cookies e como essas informa\u00e7\u00f5es s\u00e3o usadas, e como gerenciar as configura\u00e7\u00f5es de cookies.<\/p><p>Cookies s\u00e3o pequenos arquivos de texto usados para armazenar pequenas informa\u00e7\u00f5es. Eles s\u00e3o armazenados em seu dispositivo quando o site \u00e9 carregado em seu navegador. Esses cookies nos ajudam a fazer com que o site funcione adequadamente, torn\u00e1-lo mais seguro, proporcionar melhor experi\u00eancia ao usu\u00e1rio e entender o desempenho do site e analisar o que funciona e onde precisa ser melhorado.<\/p><\/div><h2>Como usamos cookies?<\/h2><div class=\"cookie-policy-p\"><p>Como a maioria dos servi\u00e7os on-line, nosso site usa cookies pr\u00f3prios e de terceiros para diversas finalidades. Os cookies prim\u00e1rios s\u00e3o necess\u00e1rios principalmente para que o site funcione da maneira correta e n\u00e3o coletam nenhum de seus dados pessoais identific\u00e1veis.<\/p><p>Os cookies de terceiros usados em nosso site servem principalmente para entender como o site funciona, como voc\u00ea interage com ele, para manter nossos servi\u00e7os seguros, para fornecer an\u00fancios relevantes para voc\u00ea e, de modo geral, para proporcionar uma experi\u00eancia de usu\u00e1rio melhor e mais aprimorada e ajudar a acelerar suas futuras intera\u00e7\u00f5es com nosso site.<\/p><h4>Tipos de cookies que usamos<\/h4><\/div><div class=\"cky-audit-table-element\">\u00a0<\/div><p>Gerenciar prefer\u00eancias de cookies<\/p><p>Configura\u00e7\u00f5es de cookies<\/p><p>Voc\u00ea pode alterar suas prefer\u00eancias de cookies a qualquer momento clicando no bot\u00e3o acima. Isso permitir\u00e1 que voc\u00ea visite novamente o banner de consentimento de cookies e altere suas prefer\u00eancias ou retire seu consentimento imediatamente.<\/p><p>Al\u00e9m disso, diferentes navegadores oferecem diferentes m\u00e9todos para bloquear e excluir cookies usados por sites. Voc\u00ea pode alterar as configura\u00e7\u00f5es do seu navegador para bloquear\/excluir os cookies. Abaixo est\u00e3o listados os links para os documentos de suporte sobre como gerenciar e excluir cookies dos principais navegadores da Web.<\/p><div><p>Chrome: <a href=\"https:\/\/support.google.com\/accounts\/answer\/32050\" target=\"_blank\" rel=\"noopener\">https:\/\/support.google.com\/accounts\/answer\/32050<\/a><\/p><p>Safari: <a href=\"https:\/\/support.apple.com\/en-in\/guide\/safari\/sfri11471\/mac\" target=\"_blank\" rel=\"noopener\">https:\/\/support.apple.com\/en-in\/guide\/safari\/sfri11471\/mac<\/a><\/p><p>Firefox: <a href=\"https:\/\/support.mozilla.org\/en-US\/kb\/clear-cookies-and-site-data-firefox?redirectslug=delete-cookies-remove-info-websites-stored&amp;redirectlocale=en-US\" target=\"_blank\" rel=\"noopener\">https:\/\/support.mozilla.org\/en-US\/kb\/clear-cookies-and-site-data-firefox?redirectslug=delete-cookies-remove-info-websites-stored&amp;redirectlocale=en-US<\/a><\/p><p>Internet Explorer: <a href=\"https:\/\/support.microsoft.com\/en-us\/topic\/how-to-delete-cookie-files-in-internet-explorer-bca9446f-d873-78de-77ba-d42645fa52fc\" target=\"_blank\" rel=\"noopener\">https:\/\/support.microsoft.com\/en-us\/topic\/how-to-delete-cookie-files-in-internet-explorer-bca9446f-d873-78de-77ba-d42645fa52fc<\/a><\/p><p>Se estiver usando qualquer outro navegador da Web, consulte os documentos oficiais de suporte do navegador.<\/p><\/div>\t\t\t\t\t\t\t\t<\/div>\n\t\t\t\t<\/div>\n\t\t\t\t\t<\/div>\n\t\t<\/div>\n\t\t\t\t\t<\/div>\n\t\t<\/section>\n\t\t\t\t<\/div>\n\t\t","protected":false},"excerpt":{"rendered":"<p>O que s\u00e3o cookies? Esta Pol\u00edtica de Cookies explica o que s\u00e3o cookies e como os usamos, os tipos de cookies que usamos, ou seja,&hellip;<\/p>\n","protected":false},"author":2,"featured_media":0,"parent":0,"menu_order":0,"comment_status":"closed","ping_status":"closed","template":"","meta":{"footnotes":""},"class_list":["post-31215","page","type-page","status-publish","hentry"],"_links":{"self":[{"href":"https:\/\/lddtraining.com\/pt-br\/wp-json\/wp\/v2\/pages\/31215","targetHints":{"allow":["GET"]}}],"collection":[{"href":"https:\/\/lddtraining.com\/pt-br\/wp-json\/wp\/v2\/pages"}],"about":[{"href":"https:\/\/lddtraining.com\/pt-br\/wp-json\/wp\/v2\/types\/page"}],"author":[{"embeddable":true,"href":"https:\/\/lddtraining.com\/pt-br\/wp-json\/wp\/v2\/users\/2"}],"replies":[{"embeddable":true,"href":"https:\/\/lddtraining.com\/pt-br\/wp-json\/wp\/v2\/comments?post=31215"}],"version-history":[{"count":0,"href":"https:\/\/lddtraining.com\/pt-br\/wp-json\/wp\/v2\/pages\/31215\/revisions"}],"wp:attachment":[{"href":"https:\/\/lddtraining.com\/pt-br\/wp-json\/wp\/v2\/media?parent=31215"}],"curies":[{"name":"wp","href":"https:\/\/api.w.org\/{rel}","templated":true}]}}