{"id":32286,"date":"2024-07-22T14:39:55","date_gmt":"2024-07-22T14:39:55","guid":{"rendered":"https:\/\/lddtraining.com\/form-onsite\/"},"modified":"2024-07-26T15:48:18","modified_gmt":"2024-07-26T15:48:18","slug":"formulario-presencial","status":"publish","type":"page","link":"https:\/\/lddtraining.com\/pt-br\/formulario-presencial\/","title":{"rendered":"Formul\u00e1rio presencial"},"content":{"rendered":"\t\t<div data-elementor-type=\"wp-page\" data-elementor-id=\"32286\" class=\"elementor elementor-32286 elementor-32189\" data-elementor-post-type=\"page\">\n\t\t\t\t\t\t<section class=\"elementor-section elementor-top-section elementor-element elementor-element-d76a17d elementor-section-boxed elementor-section-height-default elementor-section-height-default\" data-id=\"d76a17d\" data-element_type=\"section\" data-e-type=\"section\">\n\t\t\t\t\t\t<div class=\"elementor-container elementor-column-gap-default\">\n\t\t\t\t\t<div class=\"elementor-column elementor-col-100 elementor-top-column elementor-element elementor-element-daa83ac\" data-id=\"daa83ac\" data-element_type=\"column\" data-e-type=\"column\">\n\t\t\t<div class=\"elementor-widget-wrap elementor-element-populated\">\n\t\t\t\t\t\t<div class=\"elementor-element elementor-element-b3e4228 elementor-widget elementor-widget-wpforms\" data-id=\"b3e4228\" data-element_type=\"widget\" data-e-type=\"widget\" data-widget_type=\"wpforms.default\">\n\t\t\t\t<div class=\"elementor-widget-container\">\n\t\t\t\t\t<div class=\"wpforms-container wpforms-container-full wpforms-render-modern\" id=\"wpforms-32282\"><form id=\"wpforms-form-32282\" class=\"wpforms-validate wpforms-form wpforms-ajax-form\" data-formid=\"32282\" method=\"post\" enctype=\"multipart\/form-data\" action=\"\/pt-br\/wp-json\/wp\/v2\/pages\/32286\" data-token=\"16606b3ade97ad0b04ae581f6102370b\" data-token-time=\"1776759172\"><div class=\"wpforms-head-container\"><div class=\"wpforms-title\">Voc\u00ea quer organizar um treinamento presencial na sua \u00e1rea?<\/div><div class=\"wpforms-description\">Se voc\u00ea estiver interessado em organizar um treinamento presencial do Programa de Desenvolvimento para Ministros: Fundamentos na sua \u00e1rea, por favor, preencha este formul\u00e1rio. Ap\u00f3s o preenchimento, o escrit\u00f3rio da DLD entrar\u00e1 em contato com voc\u00ea por e-mail ou telefone para discutir os pr\u00f3ximos passos do processo.<\/div><\/div><noscript class=\"wpforms-error-noscript\">Ative o JavaScript no seu navegador para preencher este formul\u00e1rio.<\/noscript><div id=\"wpforms-error-noscript\" style=\"display: none;\">Ative o JavaScript no seu navegador para preencher este formul\u00e1rio.<\/div><div class=\"wpforms-field-container\"><div id=\"wpforms-32282-field_1-container\" class=\"wpforms-field wpforms-field-name\" data-field-id=\"1\"><fieldset><legend class=\"wpforms-field-label\">Nome do candidato <span class=\"wpforms-required-label\" aria-hidden=\"true\">*<\/span><\/legend><div class=\"wpforms-field-row wpforms-field-large\"><div class=\"wpforms-field-row-block wpforms-first wpforms-one-half\"><input type=\"text\" id=\"wpforms-32282-field_1\" class=\"wpforms-field-name-first wpforms-field-required\" name=\"wpforms[fields][1][first]\" aria-errormessage=\"wpforms-32282-field_1-error\" required><label for=\"wpforms-32282-field_1\" class=\"wpforms-field-sublabel after\">Nome<\/label><\/div><div class=\"wpforms-field-row-block wpforms-one-half\"><input type=\"text\" id=\"wpforms-32282-field_1-last\" class=\"wpforms-field-name-last wpforms-field-required\" name=\"wpforms[fields][1][last]\" aria-errormessage=\"wpforms-32282-field_1-last-error\" required><label for=\"wpforms-32282-field_1-last\" class=\"wpforms-field-sublabel after\">Sobrenome<\/label><\/div><\/div><\/fieldset><\/div><div id=\"wpforms-32282-field_7-container\" class=\"wpforms-field wpforms-field-email wpforms-one-half wpforms-first\" data-field-id=\"7\"><label class=\"wpforms-field-label\" for=\"wpforms-32282-field_7\">Email <span class=\"wpforms-required-label\" aria-hidden=\"true\">*<\/span><\/label><input type=\"email\" id=\"wpforms-32282-field_7\" class=\"wpforms-field-large wpforms-field-required\" name=\"wpforms[fields][7]\" spellcheck=\"false\" aria-errormessage=\"wpforms-32282-field_7-error\" required><\/div><div id=\"wpforms-32282-field_12-container\" class=\"wpforms-field wpforms-field-number wpforms-one-half\" data-field-id=\"12\"><label class=\"wpforms-field-label\" for=\"wpforms-32282-field_12\">N\u00famero de telefone ou WhatsApp <span class=\"wpforms-required-label\" aria-hidden=\"true\">*<\/span><\/label><input type=\"number\" id=\"wpforms-32282-field_12\" class=\"wpforms-field-large wpforms-field-required\" name=\"wpforms[fields][12]\" step=\"any\" aria-errormessage=\"wpforms-32282-field_12-error\" required><\/div><div id=\"wpforms-32282-field_13-container\" class=\"wpforms-field wpforms-field-text wpforms-one-half wpforms-first\" data-field-id=\"13\"><label class=\"wpforms-field-label\" for=\"wpforms-32282-field_13\">Endere\u00e7o 1 <span class=\"wpforms-required-label\" aria-hidden=\"true\">*<\/span><\/label><input type=\"text\" id=\"wpforms-32282-field_13\" class=\"wpforms-field-large wpforms-field-required\" name=\"wpforms[fields][13]\" aria-errormessage=\"wpforms-32282-field_13-error\" required><\/div><div id=\"wpforms-32282-field_14-container\" class=\"wpforms-field wpforms-field-text wpforms-one-half\" data-field-id=\"14\"><label class=\"wpforms-field-label\" for=\"wpforms-32282-field_14\">Endere\u00e7o 2<\/label><input type=\"text\" id=\"wpforms-32282-field_14\" class=\"wpforms-field-large\" name=\"wpforms[fields][14]\" aria-errormessage=\"wpforms-32282-field_14-error\" ><\/div><div id=\"wpforms-32282-field_15-container\" class=\"wpforms-field wpforms-field-text wpforms-one-half wpforms-first wpforms-one-third\" data-field-id=\"15\"><label class=\"wpforms-field-label\" for=\"wpforms-32282-field_15\">Cidade <span class=\"wpforms-required-label\" aria-hidden=\"true\">*<\/span><\/label><input type=\"text\" id=\"wpforms-32282-field_15\" class=\"wpforms-field-large wpforms-field-required\" name=\"wpforms[fields][15]\" aria-errormessage=\"wpforms-32282-field_15-error\" required><\/div><div id=\"wpforms-32282-field_16-container\" class=\"wpforms-field wpforms-field-text wpforms-one-half wpforms-one-third\" data-field-id=\"16\"><label class=\"wpforms-field-label\" for=\"wpforms-32282-field_16\">Estado<\/label><input type=\"text\" id=\"wpforms-32282-field_16\" class=\"wpforms-field-large\" name=\"wpforms[fields][16]\" aria-errormessage=\"wpforms-32282-field_16-error\" ><\/div><div id=\"wpforms-32282-field_17-container\" class=\"wpforms-field wpforms-field-text wpforms-one-third\" data-field-id=\"17\"><label class=\"wpforms-field-label\" for=\"wpforms-32282-field_17\">C\u00f3digo Postal<\/label><input type=\"text\" id=\"wpforms-32282-field_17\" class=\"wpforms-field-large\" name=\"wpforms[fields][17]\" aria-errormessage=\"wpforms-32282-field_17-error\" ><\/div><div id=\"wpforms-32282-field_18-container\" class=\"wpforms-field wpforms-field-text wpforms-one-half wpforms-first\" data-field-id=\"18\"><label class=\"wpforms-field-label\" for=\"wpforms-32282-field_18\">Provincia<\/label><input type=\"text\" id=\"wpforms-32282-field_18\" class=\"wpforms-field-large\" name=\"wpforms[fields][18]\" aria-errormessage=\"wpforms-32282-field_18-error\" ><\/div><div id=\"wpforms-32282-field_19-container\" class=\"wpforms-field wpforms-field-text wpforms-one-half\" data-field-id=\"19\"><label class=\"wpforms-field-label\" for=\"wpforms-32282-field_19\">Pa\u00eds <span class=\"wpforms-required-label\" aria-hidden=\"true\">*<\/span><\/label><input type=\"text\" id=\"wpforms-32282-field_19\" class=\"wpforms-field-large wpforms-field-required\" name=\"wpforms[fields][19]\" aria-errormessage=\"wpforms-32282-field_19-error\" required><\/div><div id=\"wpforms-32282-field_20-container\" class=\"wpforms-field wpforms-field-checkbox\" data-field-id=\"20\"><fieldset><legend class=\"wpforms-field-label\">Por que voc\u00ea deseja organizar um treinamento presencial do Programa de Desenvolvimento para Ministros? <span class=\"wpforms-required-label\" aria-hidden=\"true\">*<\/span><\/legend><ul id=\"wpforms-32282-field_20\" class=\"wpforms-field-required\"><li class=\"choice-1 depth-1\"><input type=\"checkbox\" id=\"wpforms-32282-field_20_1\" name=\"wpforms[fields][20][]\" value=\"Desenvolvimento Ministerial\" aria-errormessage=\"wpforms-32282-field_20_1-error\" aria-describedby=\"wpforms-32282-field_20-description\" required ><label class=\"wpforms-field-label-inline\" for=\"wpforms-32282-field_20_1\">Desenvolvimento Ministerial<\/label><\/li><li class=\"choice-2 depth-1\"><input type=\"checkbox\" id=\"wpforms-32282-field_20_2\" name=\"wpforms[fields][20][]\" value=\"Atender ao Requisito de Licen\u00e7a Ministerial\" aria-errormessage=\"wpforms-32282-field_20_2-error\" aria-describedby=\"wpforms-32282-field_20-description\" required ><label class=\"wpforms-field-label-inline\" for=\"wpforms-32282-field_20_2\">Atender ao Requisito de Licen\u00e7a Ministerial<\/label><\/li><li class=\"choice-3 depth-1\"><input type=\"checkbox\" id=\"wpforms-32282-field_20_3\" name=\"wpforms[fields][20][]\" value=\"Receber horas de cr\u00e9dito para o Certificado em Minist\u00e9rio e Estudos Teol\u00f3gicos do Semin\u00e1rio Esp\u00edrito e Vida\" aria-errormessage=\"wpforms-32282-field_20_3-error\" aria-describedby=\"wpforms-32282-field_20-description\" required ><label class=\"wpforms-field-label-inline\" for=\"wpforms-32282-field_20_3\">Receber horas de cr\u00e9dito para o Certificado em Minist\u00e9rio e Estudos Teol\u00f3gicos do Semin\u00e1rio Esp\u00edrito e Vida<\/label><\/li><\/ul><div id=\"wpforms-32282-field_20-description\" class=\"wpforms-field-description\">Por favor, selecione todas as op\u00e7\u00f5es que correspondam.<\/div><\/fieldset><\/div><div id=\"wpforms-32282-field_21-container\" class=\"wpforms-field wpforms-field-text\" data-field-id=\"21\"><label class=\"wpforms-field-label\" for=\"wpforms-32282-field_21\">Informa\u00e7\u00f5es do Bispo de \u00c1rea<\/label><input type=\"text\" id=\"wpforms-32282-field_21\" class=\"wpforms-field-large\" name=\"wpforms[fields][21]\" aria-errormessage=\"wpforms-32282-field_21-error\" aria-describedby=\"wpforms-32282-field_21-description\" ><div id=\"wpforms-32282-field_21-description\" class=\"wpforms-field-description\">NOTA: Voc\u00ea deve informar ao seu bispo de \u00e1rea que est\u00e1 organizando um treinamento presencial do MDP. Ao enviar este formul\u00e1rio, um e-mail ser\u00e1 enviado para notific\u00e1-los sobre seu planejamento.<\/div><\/div><div id=\"wpforms-32282-field_22-container\" class=\"wpforms-field wpforms-field-name\" data-field-id=\"22\"><fieldset><legend class=\"wpforms-field-label\">Nome do Bispo <span class=\"wpforms-required-label\" aria-hidden=\"true\">*<\/span><\/legend><div class=\"wpforms-field-row wpforms-field-large\"><div class=\"wpforms-field-row-block wpforms-first wpforms-one-half\"><input type=\"text\" id=\"wpforms-32282-field_22\" class=\"wpforms-field-name-first wpforms-field-required\" name=\"wpforms[fields][22][first]\" aria-errormessage=\"wpforms-32282-field_22-error\" required><label for=\"wpforms-32282-field_22\" class=\"wpforms-field-sublabel after\">Nome<\/label><\/div><div class=\"wpforms-field-row-block wpforms-one-half\"><input type=\"text\" id=\"wpforms-32282-field_22-last\" class=\"wpforms-field-name-last wpforms-field-required\" name=\"wpforms[fields][22][last]\" aria-errormessage=\"wpforms-32282-field_22-last-error\" required><label for=\"wpforms-32282-field_22-last\" class=\"wpforms-field-sublabel after\">Sobrenome<\/label><\/div><\/div><\/fieldset><\/div><div id=\"wpforms-32282-field_23-container\" class=\"wpforms-field wpforms-field-email wpforms-one-half wpforms-first\" data-field-id=\"23\"><label class=\"wpforms-field-label\" for=\"wpforms-32282-field_23\">Email do Bispo <span class=\"wpforms-required-label\" aria-hidden=\"true\">*<\/span><\/label><input type=\"email\" id=\"wpforms-32282-field_23\" class=\"wpforms-field-large wpforms-field-required\" name=\"wpforms[fields][23]\" spellcheck=\"false\" aria-errormessage=\"wpforms-32282-field_23-error\" required><\/div><div id=\"wpforms-32282-field_24-container\" class=\"wpforms-field wpforms-field-number wpforms-one-half wpforms-first\" data-field-id=\"24\"><label class=\"wpforms-field-label\" for=\"wpforms-32282-field_24\">N\u00famero de telefone<\/label><input type=\"number\" id=\"wpforms-32282-field_24\" class=\"wpforms-field-large\" name=\"wpforms[fields][24]\" step=\"any\" aria-errormessage=\"wpforms-32282-field_24-error\" ><\/div><div id=\"wpforms-32282-field_25-container\" class=\"wpforms-field wpforms-field-number wpforms-one-half\" data-field-id=\"25\"><label class=\"wpforms-field-label\" for=\"wpforms-32282-field_25\">N\u00famero do WhatsApp<\/label><input type=\"number\" id=\"wpforms-32282-field_25\" class=\"wpforms-field-large\" name=\"wpforms[fields][25]\" step=\"any\" aria-errormessage=\"wpforms-32282-field_25-error\" ><\/div><div id=\"wpforms-32282-field_26-container\" class=\"wpforms-field wpforms-field-text\" data-field-id=\"26\"><label class=\"wpforms-field-label\" for=\"wpforms-32282-field_26\">Regi\u00e3o do Bispo de \u00c1rea <span class=\"wpforms-required-label\" aria-hidden=\"true\">*<\/span><\/label><input type=\"text\" id=\"wpforms-32282-field_26\" class=\"wpforms-field-large wpforms-field-required\" name=\"wpforms[fields][26]\" aria-errormessage=\"wpforms-32282-field_26-error\" required><\/div><\/div><!-- .wpforms-field-container --><div class=\"wpforms-submit-container\" ><input type=\"hidden\" name=\"wpforms[id]\" value=\"32282\"><input type=\"hidden\" name=\"page_title\" value=\"\"><input type=\"hidden\" name=\"page_url\" value=\"https:\/\/lddtraining.com\/pt-br\/wp-json\/wp\/v2\/pages\/32286\"><input type=\"hidden\" name=\"url_referer\" value=\"\"><button type=\"submit\" name=\"wpforms[submit]\" id=\"wpforms-submit-32282\" class=\"wpforms-submit\" data-alt-text=\"Enviando...\" data-submit-text=\"Enviar\" aria-live=\"assertive\" value=\"wpforms-submit\">Enviar<\/button><img decoding=\"async\" src=\"https:\/\/lddtraining.com\/wp-content\/plugins\/wpforms\/assets\/images\/submit-spin.svg\" class=\"wpforms-submit-spinner\" style=\"display: none;\" width=\"26\" height=\"26\" alt=\"Carregando\"><\/div><\/form><\/div>  <!-- .wpforms-container -->\t\t\t\t<\/div>\n\t\t\t\t<\/div>\n\t\t\t\t<div class=\"elementor-element elementor-element-b824378 elementor-widget elementor-widget-text-editor\" data-id=\"b824378\" data-element_type=\"widget\" data-e-type=\"widget\" data-widget_type=\"text-editor.default\">\n\t\t\t\t<div class=\"elementor-widget-container\">\n\t\t\t\t\t\t\t\t\t<p><strong>NOTA: Ao escolher seus instrutores para ajudar a ensinar os Fundamentos: MDP, por favor, mantenha estas informa\u00e7\u00f5es em mente.<\/strong><\/p><div>Se os participantes estiverem buscando receber horas de cr\u00e9dito para o Semin\u00e1rio Esp\u00edrito &amp; Vida.<\/div><ul><li>O instrutor do curso deve ter um mestrado ou grau superior em uma \u00e1rea relacionada ao curso estudado (teologia, minist\u00e9rio, lideran\u00e7a, educa\u00e7\u00e3o, etc.)<\/li><li>O anfitri\u00e3o pode recorrer a um instrutor que n\u00e3o possua as habilita\u00e7\u00f5es liter\u00e1rias exigidas para cinco das sete aulas<\/li><li>Se pretender utilizar um instrutor verificado atrav\u00e9s do LDD, solicite-o enviando um e-mail para ldd@cogop.org<\/li><li>Quando o anfitri\u00e3o recebe os materiais do curso do gabinete do LDD, pode partilh\u00e1-los com os formadores escolhidos para ministrar a forma\u00e7\u00e3o no local. N\u00e3o os deixe partilhar os materiais com ningu\u00e9m.<\/li><\/ul><p><strong>Confirma\u00e7\u00e3o<\/strong><\/p><p>Depois de enviar este formul\u00e1rio, receber\u00e1 uma notifica\u00e7\u00e3o de envio. No prazo de 48 horas, receber\u00e1 uma mensagem de correio eletr\u00f3nico do nosso gabinete LDD para discutir a sua forma\u00e7\u00e3o no local sobre os Fundamentos: MDP.<\/p>\t\t\t\t\t\t\t\t<\/div>\n\t\t\t\t<\/div>\n\t\t\t\t\t<\/div>\n\t\t<\/div>\n\t\t\t\t\t<\/div>\n\t\t<\/section>\n\t\t\t\t<\/div>\n\t\t","protected":false},"excerpt":{"rendered":"<p>Voc\u00ea quer organizar um treinamento presencial na sua \u00e1rea?Se voc\u00ea estiver interessado em organizar um treinamento presencial do Programa de Desenvolvimento para Ministros: Fundamentos na&hellip;<\/p>\n","protected":false},"author":2,"featured_media":0,"parent":0,"menu_order":0,"comment_status":"closed","ping_status":"closed","template":"","meta":{"footnotes":""},"class_list":["post-32286","page","type-page","status-publish","hentry"],"_links":{"self":[{"href":"https:\/\/lddtraining.com\/pt-br\/wp-json\/wp\/v2\/pages\/32286","targetHints":{"allow":["GET"]}}],"collection":[{"href":"https:\/\/lddtraining.com\/pt-br\/wp-json\/wp\/v2\/pages"}],"about":[{"href":"https:\/\/lddtraining.com\/pt-br\/wp-json\/wp\/v2\/types\/page"}],"author":[{"embeddable":true,"href":"https:\/\/lddtraining.com\/pt-br\/wp-json\/wp\/v2\/users\/2"}],"replies":[{"embeddable":true,"href":"https:\/\/lddtraining.com\/pt-br\/wp-json\/wp\/v2\/comments?post=32286"}],"version-history":[{"count":0,"href":"https:\/\/lddtraining.com\/pt-br\/wp-json\/wp\/v2\/pages\/32286\/revisions"}],"wp:attachment":[{"href":"https:\/\/lddtraining.com\/pt-br\/wp-json\/wp\/v2\/media?parent=32286"}],"curies":[{"name":"wp","href":"https:\/\/api.w.org\/{rel}","templated":true}]}}