{"id":4441,"date":"2023-06-16T15:43:57","date_gmt":"2023-06-16T15:43:57","guid":{"rendered":"https:\/\/lddtraining.com\/dashboard\/"},"modified":"2024-08-22T13:46:03","modified_gmt":"2024-08-22T13:46:03","slug":"painel-de-controle","status":"publish","type":"page","link":"https:\/\/lddtraining.com\/pt-br\/painel-de-controle\/","title":{"rendered":"Painel de controle"},"content":{"rendered":"\t\t<div data-elementor-type=\"wp-page\" data-elementor-id=\"4441\" class=\"elementor elementor-4441 elementor-2357\" data-elementor-post-type=\"page\">\n\t\t\t\t\t\t<section class=\"elementor-section elementor-top-section elementor-element elementor-element-c6582fd elementor-section-boxed elementor-section-height-default elementor-section-height-default\" data-id=\"c6582fd\" data-element_type=\"section\" data-e-type=\"section\">\n\t\t\t\t\t\t<div class=\"elementor-container elementor-column-gap-default\">\n\t\t\t\t\t<div class=\"elementor-column elementor-col-50 elementor-top-column elementor-element elementor-element-4dd689b\" data-id=\"4dd689b\" data-element_type=\"column\" data-e-type=\"column\">\n\t\t\t<div class=\"elementor-widget-wrap elementor-element-populated\">\n\t\t\t\t\t\t\t<\/div>\n\t\t<\/div>\n\t\t\t\t<div class=\"elementor-column elementor-col-50 elementor-top-column elementor-element elementor-element-0c566c0\" data-id=\"0c566c0\" data-element_type=\"column\" data-e-type=\"column\">\n\t\t\t<div class=\"elementor-widget-wrap elementor-element-populated\">\n\t\t\t\t\t\t\t<\/div>\n\t\t<\/div>\n\t\t\t\t\t<\/div>\n\t\t<\/section>\n\t\t\t\t<section class=\"elementor-section elementor-top-section elementor-element elementor-element-f919fca elementor-section-boxed elementor-section-height-default elementor-section-height-default\" data-id=\"f919fca\" data-element_type=\"section\" data-e-type=\"section\">\n\t\t\t\t\t\t<div class=\"elementor-container elementor-column-gap-default\">\n\t\t\t\t\t<div class=\"elementor-column elementor-col-100 elementor-top-column elementor-element elementor-element-44c1434\" data-id=\"44c1434\" data-element_type=\"column\" data-e-type=\"column\">\n\t\t\t<div class=\"elementor-widget-wrap elementor-element-populated\">\n\t\t\t\t\t\t<div class=\"elementor-element elementor-element-be1a6d1 elementor-cta--dash-grid-above elementor-widget elementor-widget-bbp-dashboard-grid\" data-id=\"be1a6d1\" data-element_type=\"widget\" data-e-type=\"widget\" data-widget_type=\"bbp-dashboard-grid.default\">\n\t\t\t\t<div class=\"elementor-widget-container\">\n\t\t\t\t\t\n\t\t<div class=\"bb-dash-grid\">\n\t\t\t<div class=\"bb-dash-grid__frame bb-dash-grid__cols-4 flex flex-wrap\">\n\n\t\t\t\n\t\t\t\n\t\t\t\t\t\t\t\n\t\t\t\t\n\t\t\t\t\t<div class=\"bb-dash-grid__block bb-dash-grid__sep\">\n\n\t\t\t\t\t\t<a class=\"bb-dash-grid__link\" href=\"https:\/\/lddtraining.com\/pt-br\/cursos\/\" target=\"\" rel=\"\">\t\t\t\t\t\t\n\t\t\t\t\t\t\t<div class=\"bb-dash-grid__inner is-sep\" data-balloon-pos=\"up\"data-balloon=\"Come\u00e7a hoje!\">\t\n\n\t\t\t\t\t\t\t\t\t\t\t\t\t\t\t\t\t<div class=\"bb-dash-grid__image square\">\n\t\t\t\t\t\t\t\t\t\t<img decoding=\"async\" src=\"https:\/\/lddtraining.com\/wp-content\/uploads\/2023\/06\/bb-dash-icon-01-courses-300x300.png\" alt=\"Cursos\" \/>\t\t\t\t\t\t\t\t\t<\/div>\n\t\t\t\t\t\t\t\t\t\t\t\t\t\t\t\t<div class=\"bb-dash-grid__body\">\n\t\t\t\t\t\t\t\t\t<div class=\"bb-dash-grid__title\">\n\t\t\t\t\t\t\t\t\t\t\t\t\t\t\t\t\t\t\t\t\t<h2>Cursos<\/h2>\n\t\t\t\t\t\t\t\t\t\t\t\t\t\t\t\t\t\t\t<\/div>\n\t\t\t\t\t\t\t\t\t\t\t\t\t\t\t\t\t\t\t<div class=\"bb-dash-grid__info\">\n\t\t\t\t\t\t\t\t\t\t\t<p><p>Desenvolva suas habilidades com nossos cursos on-line e comece a aprender hoje mesmo!<\/p><\/p>\n\t\t\t\t\t\t\t\t\t\t<\/div>\n\t\t\t\t\t\t\t\t\t\t\t\t\t\t\t\t\t\t\t\t\t\t\t\t\t\t\t\t<span class=\"bb-dash-grid__ico\"><i class=\"bb-icon-l bb-icon-angle-right\"><\/i><\/span>\n\t\t\t\t\t\t\t\t\t\t\t\t\t\t\t\t\t<\/div>\n\n\t\t\t\t\t\t\t<\/div>\n\n\t\t\t\t\t\t<\/a>\n\t\t\t\t\t<\/div>\n\n\t\t\t\t\t\t\t\t\t\t\t\n\t\t\t\t\n\t\t\t\t\t<div class=\"bb-dash-grid__block bb-dash-grid__sep\">\n\n\t\t\t\t\t\t<a class=\"bb-dash-grid__link\" href=\"#\" target=\"\" rel=\"\">\t\t\t\t\t\t\n\t\t\t\t\t\t\t<div class=\"bb-dash-grid__inner is-sep\" data-balloon-pos=\"up\"data-balloon=\"Em breve\">\t\n\n\t\t\t\t\t\t\t\t\t\t\t\t\t\t\t\t\t<div class=\"bb-dash-grid__image square\">\n\t\t\t\t\t\t\t\t\t\t<img decoding=\"async\" src=\"https:\/\/lddtraining.com\/wp-content\/uploads\/2023\/06\/bb-dash-icon-03-members-300x300.png\" alt=\"Grupos de estudo\" \/>\t\t\t\t\t\t\t\t\t<\/div>\n\t\t\t\t\t\t\t\t\t\t\t\t\t\t\t\t<div class=\"bb-dash-grid__body\">\n\t\t\t\t\t\t\t\t\t<div class=\"bb-dash-grid__title\">\n\t\t\t\t\t\t\t\t\t\t\t\t\t\t\t\t\t\t\t\t\t<h2>Grupos de estudo<\/h2>\n\t\t\t\t\t\t\t\t\t\t\t\t\t\t\t\t\t\t\t<\/div>\n\t\t\t\t\t\t\t\t\t\t\t\t\t\t\t\t\t\t\t<div class=\"bb-dash-grid__info\">\n\t\t\t\t\t\t\t\t\t\t\t<p><p>Em breve<\/p><\/p>\n\t\t\t\t\t\t\t\t\t\t<\/div>\n\t\t\t\t\t\t\t\t\t\t\t\t\t\t\t\t\t\t\t\t\t\t\t\t\t\t\t\t<span class=\"bb-dash-grid__ico\"><i class=\"bb-icon-l bb-icon-angle-right\"><\/i><\/span>\n\t\t\t\t\t\t\t\t\t\t\t\t\t\t\t\t\t<\/div>\n\n\t\t\t\t\t\t\t<\/div>\n\n\t\t\t\t\t\t<\/a>\n\t\t\t\t\t<\/div>\n\n\t\t\t\t\t\t\t\t\t\t\t\n\t\t\t\t\n\t\t\t\t\t<div class=\"bb-dash-grid__block bb-dash-grid__sep\">\n\n\t\t\t\t\t\t<a class=\"bb-dash-grid__link\" href=\"https:\/\/lddtraining.com\/pt-br\/formularios\/\" target=\"\" rel=\"\">\t\t\t\t\t\t\n\t\t\t\t\t\t\t<div class=\"bb-dash-grid__inner is-sep\" >\t\n\n\t\t\t\t\t\t\t\t\t\t\t\t\t\t\t\t\t<div class=\"bb-dash-grid__image square\">\n\t\t\t\t\t\t\t\t\t\t<img decoding=\"async\" src=\"https:\/\/lddtraining.com\/wp-content\/uploads\/2024\/02\/form-icon.png\" alt=\"Formul\u00e1rios\" \/>\t\t\t\t\t\t\t\t\t<\/div>\n\t\t\t\t\t\t\t\t\t\t\t\t\t\t\t\t<div class=\"bb-dash-grid__body\">\n\t\t\t\t\t\t\t\t\t<div class=\"bb-dash-grid__title\">\n\t\t\t\t\t\t\t\t\t\t\t\t\t\t\t\t\t\t\t\t\t<h2>Formul\u00e1rios<\/h2>\n\t\t\t\t\t\t\t\t\t\t\t\t\t\t\t\t\t\t\t<\/div>\n\t\t\t\t\t\t\t\t\t\t\t\t\t\t\t\t\t\t\t<div class=\"bb-dash-grid__info\">\n\t\t\t\t\t\t\t\t\t\t\t<p><p>Please view the forms here if you have completed the Foundations: MDP or wish to transfer your credits.<\/p><\/p>\n\t\t\t\t\t\t\t\t\t\t<\/div>\n\t\t\t\t\t\t\t\t\t\t\t\t\t\t\t\t\t\t\t\t\t\t\t\t\t\t\t\t<span class=\"bb-dash-grid__ico\"><i class=\"bb-icon-l bb-icon-angle-right\"><\/i><\/span>\n\t\t\t\t\t\t\t\t\t\t\t\t\t\t\t\t\t<\/div>\n\n\t\t\t\t\t\t\t<\/div>\n\n\t\t\t\t\t\t<\/a>\n\t\t\t\t\t<\/div>\n\n\t\t\t\t\t\t\t\t\t\t\t\n\t\t\t\t\n\t\t\t\t\t<div class=\"bb-dash-grid__block bb-dash-grid__sep\">\n\n\t\t\t\t\t\t<a class=\"bb-dash-grid__link\" href=\"https:\/\/lddtraining.com\/pt-br\/formulario-presencial\/\" target=\"\" rel=\"\">\t\t\t\t\t\t\n\t\t\t\t\t\t\t<div class=\"bb-dash-grid__inner is-sep\" >\t\n\n\t\t\t\t\t\t\t\t\t\t\t\t\t\t\t\t\t<div class=\"bb-dash-grid__image square\">\n\t\t\t\t\t\t\t\t\t\t<img decoding=\"async\" src=\"https:\/\/lddtraining.com\/wp-content\/uploads\/2024\/07\/onsite.png\" alt=\"Percurso no local\" \/>\t\t\t\t\t\t\t\t\t<\/div>\n\t\t\t\t\t\t\t\t\t\t\t\t\t\t\t\t<div class=\"bb-dash-grid__body\">\n\t\t\t\t\t\t\t\t\t<div class=\"bb-dash-grid__title\">\n\t\t\t\t\t\t\t\t\t\t\t\t\t\t\t\t\t\t\t\t\t<h2>Percurso no local<\/h2>\n\t\t\t\t\t\t\t\t\t\t\t\t\t\t\t\t\t\t\t<\/div>\n\t\t\t\t\t\t\t\t\t\t\t\t\t\t\t\t\t\t\t<div class=\"bb-dash-grid__info\">\n\t\t\t\t\t\t\t\t\t\t\t<p><p>Pretende organizar uma forma\u00e7\u00e3o no local na sua \u00e1rea? Preencha este formul\u00e1rio.<\/p><\/p>\n\t\t\t\t\t\t\t\t\t\t<\/div>\n\t\t\t\t\t\t\t\t\t\t\t\t\t\t\t\t\t\t\t\t\t\t\t\t\t\t\t\t<span class=\"bb-dash-grid__ico\"><i class=\"bb-icon-l bb-icon-angle-right\"><\/i><\/span>\n\t\t\t\t\t\t\t\t\t\t\t\t\t\t\t\t\t<\/div>\n\n\t\t\t\t\t\t\t<\/div>\n\n\t\t\t\t\t\t<\/a>\n\t\t\t\t\t<\/div>\n\n\t\t\t\t\t\t\t\t\t\t<\/div>\n\t\t<\/div>\n\n\t\t\t\t\t\t<\/div>\n\t\t\t\t<\/div>\n\t\t\t\t\t<\/div>\n\t\t<\/div>\n\t\t\t\t\t<\/div>\n\t\t<\/section>\n\t\t\t\t<section class=\"elementor-section elementor-top-section elementor-element elementor-element-49fecd2 elementor-section-boxed elementor-section-height-default elementor-section-height-default\" data-id=\"49fecd2\" data-element_type=\"section\" data-e-type=\"section\">\n\t\t\t\t\t\t<div class=\"elementor-container elementor-column-gap-default\">\n\t\t\t\t\t<div class=\"elementor-column elementor-col-50 elementor-top-column elementor-element elementor-element-a3592d0\" data-id=\"a3592d0\" data-element_type=\"column\" data-e-type=\"column\">\n\t\t\t<div class=\"elementor-widget-wrap elementor-element-populated\">\n\t\t\t\t\t\t<div class=\"elementor-element elementor-element-74636cf elementor-cta--ldprogress-left elementor-widget elementor-widget-ld-activity\" data-id=\"74636cf\" data-element_type=\"widget\" data-e-type=\"widget\" data-widget_type=\"ld-activity.default\">\n\t\t\t\t<div class=\"elementor-widget-container\">\n\t\t\t\t\t\n\n<div dir=\"ltr\" class=\"bb-ldactivity \">\n    \n\n                <div class=\"bb-ldactivity__blank\">\n                <div class=\"bb-no-data bb-no-data--ld-activity\">\n                    <img decoding=\"async\" class=\"bb-no-data__image\" src=\"https:\/\/lddtraining.com\/wp-content\/themes\/buddyboss-theme\/assets\/images\/svg\/dfy-no-data-icon04.svg\" alt=\"Learndash Activity\" \/>\n                                            <div class=\"bb-no-data__msg\">You are not logged in.<\/div>\n                                                                                            <a href=\"#\" class=\"bb-no-data__link\">\n                                                    Em breve                        <\/a>\n                                    <\/div>\n            <\/div>\n    \n<\/div>\t\t\t\t<\/div>\n\t\t\t\t<\/div>\n\t\t\t\t\t<\/div>\n\t\t<\/div>\n\t\t\t\t<div class=\"elementor-column elementor-col-50 elementor-top-column elementor-element elementor-element-8e3acc1\" data-id=\"8e3acc1\" data-element_type=\"column\" data-e-type=\"column\">\n\t\t\t<div class=\"elementor-widget-wrap elementor-element-populated\">\n\t\t\t\t\t\t<div class=\"elementor-element elementor-element-696ff09 elementor-alert-warning elementor-widget elementor-widget-alert\" data-id=\"696ff09\" data-element_type=\"widget\" data-e-type=\"widget\" data-widget_type=\"alert.default\">\n\t\t\t\t<div class=\"elementor-widget-container\">\n\t\t\t\t\t\t\t<div class=\"elementor-alert\" role=\"alert\">\n\n\t\t\t\t\t\t<span class=\"elementor-alert-title\">Perfil completo para atualiza\u00e7\u00f5es importantes.<\/span>\n\t\t\t\n\t\t\t\t\t\t<span class=\"elementor-alert-description\">Preencha seu perfil para receber atualiza\u00e7\u00f5es precisas sobre cursos e promo\u00e7\u00f5es. Preencha todas as informa\u00e7\u00f5es necess\u00e1rias para garantir o recebimento de boletins informativos. Verifique a barra verde na parte superior para acompanhar o progresso de sua conclus\u00e3o.\n<hr>\n<small style=\"opacity: 0.8\">Notifica\u00e7\u00e3o importante<\/small><\/span>\n\t\t\t\n\t\t\t\t\t\t<button type=\"button\" class=\"elementor-alert-dismiss\" aria-label=\"Dispensar este alerta.\">\n\t\t\t\t<i aria-hidden=\"true\" class=\"far fa-times-circle\"><\/i>\t\t\t<\/button>\n\t\t\t\n\t\t<\/div>\n\t\t\t\t\t\t<\/div>\n\t\t\t\t<\/div>\n\t\t\t\t\t<\/div>\n\t\t<\/div>\n\t\t\t\t\t<\/div>\n\t\t<\/section>\n\t\t\t\t<\/div>\n\t\t","protected":false},"excerpt":{"rendered":"<p>Ol\u00e1, LDD N\u00famero de identifica\u00e7\u00e3o do aluno: Complete seu perfil Complete seu perfil 70% Completo Perfil completo Details 13\/19 Foto do perfil 1\/1 Cursos Desenvolva&hellip;<\/p>\n","protected":false},"author":2,"featured_media":0,"parent":0,"menu_order":0,"comment_status":"closed","ping_status":"closed","template":"elementor_header_footer","meta":{"footnotes":""},"class_list":["post-4441","page","type-page","status-publish","hentry"],"_links":{"self":[{"href":"https:\/\/lddtraining.com\/pt-br\/wp-json\/wp\/v2\/pages\/4441","targetHints":{"allow":["GET"]}}],"collection":[{"href":"https:\/\/lddtraining.com\/pt-br\/wp-json\/wp\/v2\/pages"}],"about":[{"href":"https:\/\/lddtraining.com\/pt-br\/wp-json\/wp\/v2\/types\/page"}],"author":[{"embeddable":true,"href":"https:\/\/lddtraining.com\/pt-br\/wp-json\/wp\/v2\/users\/2"}],"replies":[{"embeddable":true,"href":"https:\/\/lddtraining.com\/pt-br\/wp-json\/wp\/v2\/comments?post=4441"}],"version-history":[{"count":0,"href":"https:\/\/lddtraining.com\/pt-br\/wp-json\/wp\/v2\/pages\/4441\/revisions"}],"wp:attachment":[{"href":"https:\/\/lddtraining.com\/pt-br\/wp-json\/wp\/v2\/media?parent=4441"}],"curies":[{"name":"wp","href":"https:\/\/api.w.org\/{rel}","templated":true}]}}