{"id":4445,"date":"2023-05-03T16:53:29","date_gmt":"2023-05-03T16:53:29","guid":{"rendered":"https:\/\/lddtraining.com\/privacy-policy\/"},"modified":"2024-05-29T18:50:00","modified_gmt":"2024-05-29T18:50:00","slug":"politica-de-privacidade","status":"publish","type":"page","link":"https:\/\/lddtraining.com\/pt-br\/politica-de-privacidade\/","title":{"rendered":"Pol\u00edtica de privacidade"},"content":{"rendered":"\t\t<div data-elementor-type=\"wp-page\" data-elementor-id=\"4445\" class=\"elementor elementor-4445 elementor-3\" data-elementor-post-type=\"page\">\n\t\t\t\t\t\t<section class=\"elementor-section elementor-top-section elementor-element elementor-element-4c9ed170 elementor-section-boxed elementor-section-height-default elementor-section-height-default\" data-id=\"4c9ed170\" data-element_type=\"section\" data-e-type=\"section\">\n\t\t\t\t\t\t<div class=\"elementor-container elementor-column-gap-default\">\n\t\t\t\t\t<div class=\"elementor-column elementor-col-100 elementor-top-column elementor-element elementor-element-4d742206\" data-id=\"4d742206\" data-element_type=\"column\" data-e-type=\"column\">\n\t\t\t<div class=\"elementor-widget-wrap elementor-element-populated\">\n\t\t\t\t\t\t<div class=\"elementor-element elementor-element-5b96f442 elementor-widget elementor-widget-text-editor\" data-id=\"5b96f442\" data-element_type=\"widget\" data-e-type=\"widget\" data-widget_type=\"text-editor.default\">\n\t\t\t\t<div class=\"elementor-widget-container\">\n\t\t\t\t\t\t\t\t\t<p>Leadership Development and Discipleship (Desenvolvimento de Lideran\u00e7a e Discipulado), Cleveland, TN 37320-2910, Cleveland TN PO Box 2910, Estados Unidos da Am\u00e9rica (o), e-mail: lddcogop@gmail.com, telefone: 423-559-5100 sobre a coleta, uso e divulga\u00e7\u00e3o de suas informa\u00e7\u00f5es que coletamos quando voc\u00ea usa nosso site ( https:\/\/lddtraining.com ). (o &#8220;Servi\u00e7o&#8221;). Ao acessar ou usar o Servi\u00e7o, voc\u00ea consente com a coleta, o uso e a divulga\u00e7\u00e3o de suas informa\u00e7\u00f5es de acordo com esta Pol\u00edtica de Privacidade. Caso n\u00e3o concorde com isso, n\u00e3o acesse ou use o Servi\u00e7o.<\/p><p class=\"privacy-policy-p\">Podemos modificar esta Pol\u00edtica de Privacidade a qualquer momento, sem aviso pr\u00e9vio, e publicaremos a Pol\u00edtica de Privacidade revisada no Servi\u00e7o. A Pol\u00edtica revisada entrar\u00e1 em vigor 180 dias ap\u00f3s a publica\u00e7\u00e3o da Pol\u00edtica revisada no Servi\u00e7o, e seu acesso ou uso cont\u00ednuo do Servi\u00e7o ap\u00f3s esse per\u00edodo constituir\u00e1 sua aceita\u00e7\u00e3o da Pol\u00edtica de Privacidade revisada. Portanto, recomendamos que voc\u00ea revise periodicamente esta p\u00e1gina.<\/p><ol class=\"privacy-policy-ol\"><li><h2 class=\"privacy-policy-h2\">Informa\u00e7\u00f5es que coletamos:<\/h2><p class=\"privacy-policy-p\">Coletaremos e processaremos as seguintes informa\u00e7\u00f5es pessoais sobre voc\u00ea:<\/p><ol class=\"privacy-policy-ol\"><li>Nome e sobrenome<br \/>E-mail<br \/>Celular<br \/>Data de nascimento<br \/>Endere\u00e7o eletr\u00f4nico<br \/>Endere\u00e7o da igreja<br \/>Cidade da Igreja<br \/>Estado da Igreja<br \/>Nome da Igreja<br \/>Primeiro nome do bispo \/ pastor<br \/>Sobrenome do bispo \/ pastor<br \/>E-mail do bispo \/ pastor<\/li><\/ol><\/li><li><h2 class=\"privacy-policy-h2\">Como usamos suas informa\u00e7\u00f5es:<\/h2><p>Usaremos as informa\u00e7\u00f5es que coletamos sobre voc\u00ea para as seguintes finalidades:<\/p><p>Cria\u00e7\u00e3o de conta de usu\u00e1rio<br \/>Informa\u00e7\u00f5es administrativas<br \/>Gerenciar conta de usu\u00e1rio<\/p><p>Se quisermos usar suas informa\u00e7\u00f5es para qualquer outra finalidade, solicitaremos seu consentimento e usaremos suas informa\u00e7\u00f5es somente ap\u00f3s recebermos seu consentimento e, ent\u00e3o, somente para a(s) finalidade(s) para a(s) qual(is) concedemos o consentimento, a menos que sejamos obrigados a fazer o contr\u00e1rio por lei.<\/p><\/li><li><h2 class=\"privacy-policy-h2\">Seus direitos:<\/h2><p>Dependendo da lei aplic\u00e1vel, voc\u00ea pode ter o direito de acessar e retificar ou apagar seus dados pessoais ou receber uma c\u00f3pia de seus dados pessoais, restringir ou se opor ao processamento ativo de seus dados, solicitar o compartilhamento (portabilidade) de suas informa\u00e7\u00f5es pessoais para outra entidade, retirar qualquer consentimento que nos tenha fornecido para o processamento de seus dados, o direito de apresentar uma reclama\u00e7\u00e3o a uma autoridade legal e outros direitos que possam ser relevantes de acordo com as leis aplic\u00e1veis. Para exercer esses direitos, voc\u00ea pode nos escrever para ldd@cogop.org. Responderemos \u00e0 sua solicita\u00e7\u00e3o de acordo com a legisla\u00e7\u00e3o aplic\u00e1vel.<\/p><p>Observe que, se voc\u00ea n\u00e3o nos permitir coletar ou processar as informa\u00e7\u00f5es pessoais necess\u00e1rias ou retirar o consentimento para process\u00e1-las para os fins exigidos, talvez n\u00e3o consiga acessar ou usar os servi\u00e7os para os quais suas informa\u00e7\u00f5es foram solicitadas.<\/p><\/li><li><h2 class=\"privacy-policy-h2\">Cookies Etc.<\/h2>Para saber mais sobre como usamos essas tecnologias de rastreamento e sobre suas escolhas em rela\u00e7\u00e3o a elas, consulte nossa <a href=\"https:\/\/lddtraining.com\/pt-br\/politica-de-cookies\/\">Pol\u00edtica de Cookies<\/a>.<\/li><li><h2 class=\"privacy-policy-h2\">Seguran\u00e7a:<\/h2><p class=\"privacy-policy-p\">A seguran\u00e7a de suas informa\u00e7\u00f5es \u00e9 importante para n\u00f3s e usaremos medidas de seguran\u00e7a razo\u00e1veis para evitar a perda, o uso indevido ou a altera\u00e7\u00e3o n\u00e3o autorizada de suas informa\u00e7\u00f5es sob nosso controle. Entretanto, dados os riscos inerentes, n\u00e3o podemos garantir seguran\u00e7a absoluta e, consequentemente, n\u00e3o podemos assegurar ou garantir a seguran\u00e7a de qualquer informa\u00e7\u00e3o que voc\u00ea nos transmita, e voc\u00ea o faz por sua pr\u00f3pria conta e risco.<\/p><\/li><li><h2 class=\"privacy-policy-h2\">Diretor de reclama\u00e7\u00f5es \/ prote\u00e7\u00e3o de dados:<\/h2><p class=\"privacy-policy-p\">Se tiver alguma d\u00favida ou preocupa\u00e7\u00e3o sobre o processamento de suas informa\u00e7\u00f5es que est\u00e3o dispon\u00edveis conosco, envie um e-mail para nosso Diretor de Reclama\u00e7\u00f5es em Leadership Development and Discipleship, Cleveland, TN 37320-2910, e-mail: ldd@cogop.org. Trataremos de suas preocupa\u00e7\u00f5es de acordo com a lei aplic\u00e1vel.<\/p><\/li><\/ol>\t\t\t\t\t\t\t\t<\/div>\n\t\t\t\t<\/div>\n\t\t\t\t\t<\/div>\n\t\t<\/div>\n\t\t\t\t\t<\/div>\n\t\t<\/section>\n\t\t\t\t<\/div>\n\t\t","protected":false},"excerpt":{"rendered":"<p>Leadership Development and Discipleship (Desenvolvimento de Lideran\u00e7a e Discipulado), Cleveland, TN 37320-2910, Cleveland TN PO Box 2910, Estados Unidos da Am\u00e9rica (o), e-mail: lddcogop@gmail.com, telefone:&hellip;<\/p>\n","protected":false},"author":1,"featured_media":0,"parent":0,"menu_order":0,"comment_status":"closed","ping_status":"open","template":"","meta":{"footnotes":""},"class_list":["post-4445","page","type-page","status-publish","hentry"],"_links":{"self":[{"href":"https:\/\/lddtraining.com\/pt-br\/wp-json\/wp\/v2\/pages\/4445","targetHints":{"allow":["GET"]}}],"collection":[{"href":"https:\/\/lddtraining.com\/pt-br\/wp-json\/wp\/v2\/pages"}],"about":[{"href":"https:\/\/lddtraining.com\/pt-br\/wp-json\/wp\/v2\/types\/page"}],"author":[{"embeddable":true,"href":"https:\/\/lddtraining.com\/pt-br\/wp-json\/wp\/v2\/users\/1"}],"replies":[{"embeddable":true,"href":"https:\/\/lddtraining.com\/pt-br\/wp-json\/wp\/v2\/comments?post=4445"}],"version-history":[{"count":0,"href":"https:\/\/lddtraining.com\/pt-br\/wp-json\/wp\/v2\/pages\/4445\/revisions"}],"wp:attachment":[{"href":"https:\/\/lddtraining.com\/pt-br\/wp-json\/wp\/v2\/media?parent=4445"}],"curies":[{"name":"wp","href":"https:\/\/api.w.org\/{rel}","templated":true}]}}