{"id":4447,"date":"2023-06-05T15:53:47","date_gmt":"2023-06-05T15:53:47","guid":{"rendered":"https:\/\/lddtraining.com\/terms-of-service\/"},"modified":"2023-09-05T19:40:48","modified_gmt":"2023-09-05T19:40:48","slug":"termos-de-servico","status":"publish","type":"page","link":"https:\/\/lddtraining.com\/pt-br\/termos-de-servico\/","title":{"rendered":"Termos de Servi\u00e7o"},"content":{"rendered":"\t\t<div data-elementor-type=\"wp-page\" data-elementor-id=\"4447\" class=\"elementor elementor-4447 elementor-1898\" data-elementor-post-type=\"page\">\n\t\t\t\t\t\t<section class=\"elementor-section elementor-top-section elementor-element elementor-element-51b9a6e elementor-section-boxed elementor-section-height-default elementor-section-height-default\" data-id=\"51b9a6e\" data-element_type=\"section\" data-e-type=\"section\">\n\t\t\t\t\t\t<div class=\"elementor-container elementor-column-gap-default\">\n\t\t\t\t\t<div class=\"elementor-column elementor-col-100 elementor-top-column elementor-element elementor-element-19cdac2\" data-id=\"19cdac2\" data-element_type=\"column\" data-e-type=\"column\">\n\t\t\t<div class=\"elementor-widget-wrap elementor-element-populated\">\n\t\t\t\t\t\t<div class=\"elementor-element elementor-element-57adb4e elementor-widget elementor-widget-text-editor\" data-id=\"57adb4e\" data-element_type=\"widget\" data-e-type=\"widget\" data-widget_type=\"text-editor.default\">\n\t\t\t\t<div class=\"elementor-widget-container\">\n\t\t\t\t\t\t\t\t\t<p>Fizemos todo o poss\u00edvel para projetar nossos sites para serem \u00fateis e informativos. Esperamos ter conseguido isso e pedimos que nos informe se gostaria de ver melhorias ou altera\u00e7\u00f5es que facilitariam ainda mais a localiza\u00e7\u00e3o das informa\u00e7\u00f5es que voc\u00ea precisa e deseja.<\/p><p>Tudo o que pedimos \u00e9 que voc\u00ea concorde em obedecer aos Termos e Condi\u00e7\u00f5es a seguir. Dedique alguns minutos para examin\u00e1-los, pois, ao usar nossos sites, voc\u00ea automaticamente concorda com eles. Naturalmente, se voc\u00ea n\u00e3o concordar, n\u00e3o use os sites. Reservamo-nos o direito de fazer as modifica\u00e7\u00f5es que julgarmos necess\u00e1rias a qualquer momento. Continue a consultar estes termos para ver quais s\u00e3o essas altera\u00e7\u00f5es! Seu uso cont\u00ednuo dos sites da Igreja de Deus da Profecia significa que voc\u00ea aceita essas altera\u00e7\u00f5es.<\/p><p>Restri\u00e7\u00f5es ao uso de nossos materiais on-line<\/p><p>Todos os materiais contidos nos sites da Igreja de Deus da Profecia (&#8220;Material On-line&#8221;) s\u00e3o de propriedade da Igreja de Deus da Profecia, protegidos por direitos autorais. Todas as marcas registradas, marcas de servi\u00e7o e nomes comerciais s\u00e3o de propriedade da Church of God of Prophecy. Nenhum material on-line de nossos sites pode ser copiado, reproduzido, republicado, carregado, postado, transmitido ou distribu\u00eddo de qualquer forma, exceto pelo fato de que voc\u00ea pode fazer o download de uma c\u00f3pia dos materiais em um \u00fanico computador apenas para uso pessoal, n\u00e3o comercial e dom\u00e9stico, desde que voc\u00ea 1) mantenha todos os avisos de direitos autorais, marcas registradas e avisos de propriedade, 2) n\u00e3o fa\u00e7a modifica\u00e7\u00f5es nos materiais, 3) n\u00e3o use os materiais de maneira que sugira uma associa\u00e7\u00e3o com qualquer um de nossos produtos, servi\u00e7os, eventos ou marcas e 4) n\u00e3o fa\u00e7a download de quantidades de materiais para um banco de dados, servidor ou computador pessoal para reutiliza\u00e7\u00e3o para fins comerciais. No entanto, voc\u00ea n\u00e3o pode copiar, reproduzir, republicar, carregar, publicar, transmitir ou distribuir nosso Material on-line de nenhuma forma ou para qualquer outra finalidade, a menos que obtenha nossa permiss\u00e3o por escrito primeiro. Tamb\u00e9m n\u00e3o \u00e9 permitido adicionar, excluir, distorcer ou deturpar qualquer conte\u00fado dos sites da Igreja de Deus da Profecia. S\u00e3o proibidas tentativas de modificar qualquer material on-line ou de burlar ou contornar nossos recursos de seguran\u00e7a.\u00a0<\/p><p>Tudo o que voc\u00ea baixar, qualquer software, al\u00e9m de todos os arquivos, todas as imagens incorporadas ou geradas pelo software e todos os dados que o acompanham, \u00e9 considerado licenciado para voc\u00ea pela Igreja de Deus da Profecia ou por terceiros licenciadores apenas para seu uso pessoal, n\u00e3o comercial e dom\u00e9stico. N\u00e3o transferimos o t\u00edtulo do software para voc\u00ea. Isso significa que mantemos a titularidade total e completa do software e de todos os direitos de propriedade intelectual associados. Voc\u00ea n\u00e3o tem permiss\u00e3o para redistribuir ou vender o material ou fazer engenharia reversa, desmontar ou convert\u00ea-lo em qualquer outra forma que possa ser usada por outras pessoas.<\/p><p>Envio de seu material on-line para n\u00f3s<\/p><p>Todas as observa\u00e7\u00f5es, sugest\u00f5es, ideias, gr\u00e1ficos, coment\u00e1rios ou outras informa\u00e7\u00f5es que voc\u00ea enviar para a Church of God of Prophecy por meio de nossos sites (al\u00e9m das informa\u00e7\u00f5es que prometemos proteger de acordo com nossa Pol\u00edtica de Privacidade) tornam-se e permanecem de nossa propriedade, mesmo que este contrato seja rescindido posteriormente.<\/p><p>Isso significa que esses envios n\u00e3o s\u00e3o tratados como confidenciais. Se os utilizarmos, ou algo de natureza semelhante, n\u00e3o seremos obrigados a pagar a voc\u00ea ou a qualquer outra pessoa por eles. Teremos a propriedade exclusiva de todos os direitos presentes e futuros sobre os envios de qualquer tipo. Poderemos us\u00e1-los para qualquer finalidade que julgarmos adequada \u00e0 miss\u00e3o da Igreja de Deus da Profecia, sem remunerar voc\u00ea ou qualquer outra pessoa por isso.<\/p><p>Voc\u00ea reconhece que \u00e9 respons\u00e1vel por qualquer envio que fizer. Isso significa que voc\u00ea (e n\u00e3o n\u00f3s) tem total responsabilidade pela mensagem, incluindo sua legalidade, confiabilidade, adequa\u00e7\u00e3o, originalidade e direitos autorais.<\/p><p>Limita\u00e7\u00e3o de responsabilidade<\/p><p><br \/>A Igreja de Deus da Profecia n\u00e3o ser\u00e1 respons\u00e1vel por quaisquer danos ou les\u00f5es que acompanhem ou resultem do uso de qualquer um de seus sites.<br \/>Isso inclui (mas n\u00e3o se limita a) danos ou les\u00f5es causados por qualquer um deles:<\/p><p>Uso (ou incapacidade de uso) dos sites<br \/>Uso de (ou incapacidade de uso de) qualquer site para o qual voc\u00ea tenha feito um hiperlink a partir de nossos sites<br \/>Falha de desempenho de nossos sites da maneira que voc\u00ea esperava ou desejava<br \/>Erro ou omiss\u00e3o em nossos sites<br \/>Interrup\u00e7\u00e3o da disponibilidade de nossos sites<br \/>Defeito em nossos sites<br \/>Atraso na opera\u00e7\u00e3o ou transmiss\u00e3o de nossos sites<br \/>V\u00edrus de computador ou falha de linha<br \/>Observe que n\u00e3o somos respons\u00e1veis por quaisquer danos, incluindo, mas n\u00e3o se limitando a:<br \/>Danos destinados a compensar algu\u00e9m diretamente por uma perda ou les\u00e3o<br \/>Danos que se espera razoavelmente que resultem de uma perda ou les\u00e3o (conhecidos em termos legais como &#8220;danos consequenciais&#8221;).<br \/>Outros danos e despesas diversos resultantes diretamente de uma perda ou les\u00e3o (conhecidos em termos legais como &#8220;danos incidentais&#8221;).<br \/>N\u00e3o somos respons\u00e1veis, mesmo que tenhamos sido negligentes ou que nosso representante autorizado tenha sido avisado da possibilidade de tais danos, ou ambos.<br \/>Exce\u00e7\u00e3o: Determinadas leis estaduais podem n\u00e3o nos permitir limitar ou excluir a responsabilidade por esses danos &#8220;incidentais&#8221; ou &#8220;consequenciais&#8221;. Se voc\u00ea mora em um desses estados, a limita\u00e7\u00e3o acima n\u00e3o se aplicaria, o que significaria que voc\u00ea poderia ter o direito de recuperar esses tipos de danos. No entanto, em qualquer caso, nossa responsabilidade perante voc\u00ea por todas as perdas, danos, les\u00f5es e reivindica\u00e7\u00f5es de todo e qualquer tipo (quer os danos sejam reivindicados nos termos de um contrato, quer sejam reivindicados como causados por neglig\u00eancia ou outra conduta il\u00edcita, quer sejam reivindicados sob qualquer outra teoria jur\u00eddica) n\u00e3o ser\u00e1 maior do que o valor que voc\u00ea pagou para acessar nossos sites.<\/p><p>Links para outros sites<\/p><p>\u00c0s vezes, fornecemos refer\u00eancias e links para outros sites da World Wide Web a partir de nossos sites. Esse link n\u00e3o deve ser visto como endosso, aprova\u00e7\u00e3o ou concord\u00e2ncia com quaisquer informa\u00e7\u00f5es ou recursos oferecidos em sites que voc\u00ea pode acessar por meio de nossos sites. Em caso de d\u00favida, sempre verifique o endere\u00e7o Uniform Resource Locator (URL) fornecido no navegador da WWW para ver se ainda est\u00e1 em um site operado pela Igreja de Deus da Profecia ou se foi transferido para outro site. A Igreja de Deus da Profecia n\u00e3o \u00e9 respons\u00e1vel pelo conte\u00fado ou pelas pr\u00e1ticas de sites de terceiros que possam estar vinculados aos nossos sites. Quando a Igreja de Deus da Profecia fornece links ou refer\u00eancias a outros sites, nenhuma infer\u00eancia ou suposi\u00e7\u00e3o deve ser feita e nenhuma representa\u00e7\u00e3o deve ser inferida de que a Igreja de Deus da Profecia est\u00e1 conectada, opera ou controla esses sites. Qualquer link aprovado n\u00e3o deve representar de forma alguma, expl\u00edcita ou implicitamente, que voc\u00ea recebeu o endosso, o patroc\u00ednio ou o apoio de qualquer site da Igreja de Deus da Profecia ou o endosso, o patroc\u00ednio ou o apoio do minist\u00e9rio da Igreja de Deus da Profecia, incluindo seus respectivos funcion\u00e1rios, agentes ou diretores.<\/p><p>Rescis\u00e3o deste contrato<\/p><p>Este contrato \u00e9 v\u00e1lido at\u00e9 ser rescindido por qualquer uma das partes. Voc\u00ea poder\u00e1 rescindir este contrato a qualquer momento, destruindo todos os materiais obtidos de todos os sites da Igreja de Deus da Profecia, juntamente com toda a documenta\u00e7\u00e3o relacionada e todas as c\u00f3pias e instala\u00e7\u00f5es. A Igreja de Deus da Profecia poder\u00e1 rescindir este contrato a qualquer momento e sem aviso pr\u00e9vio se, a seu exclusivo crit\u00e9rio, o usu\u00e1rio violar qualquer termo ou condi\u00e7\u00e3o deste contrato. Ap\u00f3s a rescis\u00e3o, voc\u00ea dever\u00e1 destruir todos os materiais. Al\u00e9m disso, ao fornecer material em nossos sites, n\u00e3o prometemos de forma alguma que os materiais permanecer\u00e3o dispon\u00edveis para voc\u00ea. E a Igreja de Deus da Profecia tem o direito de encerrar todo ou parte de qualquer um de seus sites sem aviso pr\u00e9vio ao usu\u00e1rio.<\/p><p>Jurisdi\u00e7\u00e3o e outros pontos a serem considerados<\/p><p>A menos que especificado de outra forma, os materiais on-line em nossos sites s\u00e3o apresentados para fornecer informa\u00e7\u00f5es sobre os recursos da Igreja de Deus da Profecia. O minist\u00e9rio da Igreja de Deus da Profecia foi organizado de acordo com as leis do Tennessee, nos Estados Unidos da Am\u00e9rica. Se voc\u00ea usar nossos sites de locais fora dos Estados Unidos, ser\u00e1 respons\u00e1vel pelo cumprimento de todas as leis aplic\u00e1veis. Estes Termos de Uso e o contrato que eles criam ser\u00e3o regidos e interpretados de acordo com as leis do Estado do Tennessee (sem aplicar os princ\u00edpios de conflito de leis do estado). Se alguma disposi\u00e7\u00e3o deste contrato for ilegal, nula ou inexequ\u00edvel, isso n\u00e3o afetar\u00e1 a validade e a exequibilidade das demais disposi\u00e7\u00f5es. A Igreja de Deus da Profecia pode modificar estes Termos de Uso e o contrato que eles criam, a qualquer momento, simplesmente atualizando esta publica\u00e7\u00e3o e sem aviso pr\u00e9vio ao usu\u00e1rio. Este \u00e9 o acordo INTEGRAL com rela\u00e7\u00e3o a todos os assuntos que foram listados.\u00a0<\/p>\t\t\t\t\t\t\t\t<\/div>\n\t\t\t\t<\/div>\n\t\t\t\t\t<\/div>\n\t\t<\/div>\n\t\t\t\t\t<\/div>\n\t\t<\/section>\n\t\t\t\t<\/div>\n\t\t","protected":false},"excerpt":{"rendered":"<p>Fizemos todo o poss\u00edvel para projetar nossos sites para serem \u00fateis e informativos. Esperamos ter conseguido isso e pedimos que nos informe se gostaria de&hellip;<\/p>\n","protected":false},"author":2,"featured_media":0,"parent":0,"menu_order":0,"comment_status":"closed","ping_status":"closed","template":"","meta":{"footnotes":""},"class_list":["post-4447","page","type-page","status-publish","hentry"],"_links":{"self":[{"href":"https:\/\/lddtraining.com\/pt-br\/wp-json\/wp\/v2\/pages\/4447","targetHints":{"allow":["GET"]}}],"collection":[{"href":"https:\/\/lddtraining.com\/pt-br\/wp-json\/wp\/v2\/pages"}],"about":[{"href":"https:\/\/lddtraining.com\/pt-br\/wp-json\/wp\/v2\/types\/page"}],"author":[{"embeddable":true,"href":"https:\/\/lddtraining.com\/pt-br\/wp-json\/wp\/v2\/users\/2"}],"replies":[{"embeddable":true,"href":"https:\/\/lddtraining.com\/pt-br\/wp-json\/wp\/v2\/comments?post=4447"}],"version-history":[{"count":0,"href":"https:\/\/lddtraining.com\/pt-br\/wp-json\/wp\/v2\/pages\/4447\/revisions"}],"wp:attachment":[{"href":"https:\/\/lddtraining.com\/pt-br\/wp-json\/wp\/v2\/media?parent=4447"}],"curies":[{"name":"wp","href":"https:\/\/api.w.org\/{rel}","templated":true}]}}